{"id":7761,"date":"2020-03-10T15:54:28","date_gmt":"2020-03-10T14:54:28","guid":{"rendered":"http:\/\/ingweber.de\/produkt\/buerogebaeude-und-wohnhausbebauung-mainzer-ldstr-54-frankfurt-am-main-1995-1992\/"},"modified":"2021-08-11T07:04:49","modified_gmt":"2021-08-11T05:04:49","slug":"buerogebaeude-und-wohnhausbebauung-mainzer-ldstr-54-frankfurt-am-main","status":"publish","type":"product","link":"https:\/\/ingweber.de\/en\/produkt\/buerogebaeude-und-wohnhausbebauung-mainzer-ldstr-54-frankfurt-am-main\/","title":{"rendered":"B\u00fcrogeb\u00e4ude und Wohnhausbebauung Mainzer Ldstr. 54 Frankfurt am Main"},"content":{"rendered":"<p>Neubau eines B\u00fcrogeb\u00e4udes mit 6-geschossigem Atrium und Stahltonnendach und 4 Stadtvillen<\/p>\n","protected":false},"excerpt":{"rendered":"<p>Neubau eines B\u00fcrogeb\u00e4udes mit 6-geschossigem Atrium und Stahltonnendach und 4 Stadtvillen<\/p>\n","protected":false},"featured_media":6837,"template":"","meta":{"_acf_changed":false},"product_cat":[618,619,621,626,1067],"product_tag":[],"acf":[],"_links":{"self":[{"href":"https:\/\/ingweber.de\/en\/wp-json\/wp\/v2\/product\/7761"}],"collection":[{"href":"https:\/\/ingweber.de\/en\/wp-json\/wp\/v2\/product"}],"about":[{"href":"https:\/\/ingweber.de\/en\/wp-json\/wp\/v2\/types\/product"}],"wp:featuredmedia":[{"embeddable":true,"href":"https:\/\/ingweber.de\/en\/wp-json\/wp\/v2\/media\/6837"}],"wp:attachment":[{"href":"https:\/\/ingweber.de\/en\/wp-json\/wp\/v2\/media?parent=7761"}],"wp:term":[{"taxonomy":"product_cat","embeddable":true,"href":"https:\/\/ingweber.de\/en\/wp-json\/wp\/v2\/product_cat?post=7761"},{"taxonomy":"product_tag","embeddable":true,"href":"https:\/\/ingweber.de\/en\/wp-json\/wp\/v2\/product_tag?post=7761"}],"curies":[{"name":"wp","href":"https:\/\/api.w.org\/{rel}","templated":true}]}}