{"id":7737,"date":"2020-03-10T15:54:21","date_gmt":"2020-03-10T14:54:21","guid":{"rendered":"http:\/\/ingweber.de\/produkt\/buerogebaeude-junghofstrasse-frankfurt-2002-2000\/"},"modified":"2021-08-11T07:07:17","modified_gmt":"2021-08-11T05:07:17","slug":"buerogebaeude-junghofstrasse-frankfurt","status":"publish","type":"product","link":"https:\/\/ingweber.de\/en\/produkt\/buerogebaeude-junghofstrasse-frankfurt\/","title":{"rendered":"B\u00fcrogeb\u00e4ude Junghofstra\u00dfe, Frankfurt"},"content":{"rendered":"<p>Neubau eines B\u00fcrogeb\u00e4udes mit 3 Untergeschossen in der Frankfurter Innenstadt<\/p>\n","protected":false},"excerpt":{"rendered":"<p>Neubau eines B\u00fcrogeb\u00e4udes mit 3 Untergeschossen in der Frankfurter Innenstadt<\/p>\n","protected":false},"featured_media":6803,"template":"","meta":{"_acf_changed":false},"product_cat":[618,621,626,628],"product_tag":[],"acf":[],"_links":{"self":[{"href":"https:\/\/ingweber.de\/en\/wp-json\/wp\/v2\/product\/7737"}],"collection":[{"href":"https:\/\/ingweber.de\/en\/wp-json\/wp\/v2\/product"}],"about":[{"href":"https:\/\/ingweber.de\/en\/wp-json\/wp\/v2\/types\/product"}],"wp:featuredmedia":[{"embeddable":true,"href":"https:\/\/ingweber.de\/en\/wp-json\/wp\/v2\/media\/6803"}],"wp:attachment":[{"href":"https:\/\/ingweber.de\/en\/wp-json\/wp\/v2\/media?parent=7737"}],"wp:term":[{"taxonomy":"product_cat","embeddable":true,"href":"https:\/\/ingweber.de\/en\/wp-json\/wp\/v2\/product_cat?post=7737"},{"taxonomy":"product_tag","embeddable":true,"href":"https:\/\/ingweber.de\/en\/wp-json\/wp\/v2\/product_tag?post=7737"}],"curies":[{"name":"wp","href":"https:\/\/api.w.org\/{rel}","templated":true}]}}