{"id":7711,"date":"2020-03-10T15:54:17","date_gmt":"2020-03-10T14:54:17","guid":{"rendered":"http:\/\/ingweber.de\/produkt\/helvetia-versicherung-berliner-strasse-frankfurt-am-main-2004-2002\/"},"modified":"2021-08-11T12:08:33","modified_gmt":"2021-08-11T10:08:33","slug":"helvetia-versicherung-berliner-strasse-frankfurt-am-main","status":"publish","type":"product","link":"https:\/\/ingweber.de\/en\/produkt\/helvetia-versicherung-berliner-strasse-frankfurt-am-main\/","title":{"rendered":"Helvetia Versicherung Berliner Stra\u00dfe Frankfurt am Main"},"content":{"rendered":"<p>Umbau- Anbau eines B\u00fcrogeb\u00e4udes mit Betonkernaktivierung zum Heizen und K\u00fchlen und Putzk\u00fchl-\/heizdecke<\/p>\n","protected":false},"excerpt":{"rendered":"<p>Umbau- Anbau eines B\u00fcrogeb\u00e4udes mit Betonkernaktivierung zum Heizen und K\u00fchlen und Putzk\u00fchl-\/heizdecke<\/p>\n","protected":false},"featured_media":6769,"template":"","meta":{"_acf_changed":false},"product_cat":[618,621,626,628],"product_tag":[],"acf":[],"_links":{"self":[{"href":"https:\/\/ingweber.de\/en\/wp-json\/wp\/v2\/product\/7711"}],"collection":[{"href":"https:\/\/ingweber.de\/en\/wp-json\/wp\/v2\/product"}],"about":[{"href":"https:\/\/ingweber.de\/en\/wp-json\/wp\/v2\/types\/product"}],"wp:featuredmedia":[{"embeddable":true,"href":"https:\/\/ingweber.de\/en\/wp-json\/wp\/v2\/media\/6769"}],"wp:attachment":[{"href":"https:\/\/ingweber.de\/en\/wp-json\/wp\/v2\/media?parent=7711"}],"wp:term":[{"taxonomy":"product_cat","embeddable":true,"href":"https:\/\/ingweber.de\/en\/wp-json\/wp\/v2\/product_cat?post=7711"},{"taxonomy":"product_tag","embeddable":true,"href":"https:\/\/ingweber.de\/en\/wp-json\/wp\/v2\/product_tag?post=7711"}],"curies":[{"name":"wp","href":"https:\/\/api.w.org\/{rel}","templated":true}]}}