{"id":7582,"date":"2020-03-10T15:53:57","date_gmt":"2020-03-10T14:53:57","guid":{"rendered":"http:\/\/ingweber.de\/produkt\/kreishaus-dieburg-2015-2012\/"},"modified":"2021-08-11T06:55:09","modified_gmt":"2021-08-11T04:55:09","slug":"kreishaus-dieburg","status":"publish","type":"product","link":"https:\/\/ingweber.de\/en\/produkt\/kreishaus-dieburg\/","title":{"rendered":"Kreishaus Dieburg"},"content":{"rendered":"<p>Sanierung und Erweiterung eines denkmalgesch\u00fctzten B\u00fcrogeb\u00e4udes aus den 60er Jahren. Erstellung eines neuen Verbindungsbauwerks zum Denkmalgesch\u00fctzen Schloss. Hei\u00dfbemessung der Betondecken. Neue Fassade und Innend\u00e4mmung der denkmalgesch\u00fctzten Fassadenbereiche<\/p>\n","protected":false},"excerpt":{"rendered":"<p>Sanierung und Erweiterung eines denkmalgesch\u00fctzten B\u00fcrogeb\u00e4udes aus den 60er Jahren. Erstellung eines neuen Verbindungsbauwerks zum Denkmalgesch\u00fctzen Schloss. Hei\u00dfbemessung der Betondecken. Neue Fassade und Innend\u00e4mmung der denkmalgesch\u00fctzten Fassadenbereiche<\/p>\n","protected":false},"featured_media":6489,"template":"","meta":{"_acf_changed":false},"product_cat":[620,630,629,625,621,626,635,627],"product_tag":[],"acf":[],"_links":{"self":[{"href":"https:\/\/ingweber.de\/en\/wp-json\/wp\/v2\/product\/7582"}],"collection":[{"href":"https:\/\/ingweber.de\/en\/wp-json\/wp\/v2\/product"}],"about":[{"href":"https:\/\/ingweber.de\/en\/wp-json\/wp\/v2\/types\/product"}],"wp:featuredmedia":[{"embeddable":true,"href":"https:\/\/ingweber.de\/en\/wp-json\/wp\/v2\/media\/6489"}],"wp:attachment":[{"href":"https:\/\/ingweber.de\/en\/wp-json\/wp\/v2\/media?parent=7582"}],"wp:term":[{"taxonomy":"product_cat","embeddable":true,"href":"https:\/\/ingweber.de\/en\/wp-json\/wp\/v2\/product_cat?post=7582"},{"taxonomy":"product_tag","embeddable":true,"href":"https:\/\/ingweber.de\/en\/wp-json\/wp\/v2\/product_tag?post=7582"}],"curies":[{"name":"wp","href":"https:\/\/api.w.org\/{rel}","templated":true}]}}