{"id":7580,"date":"2020-03-10T15:53:57","date_gmt":"2020-03-10T14:53:57","guid":{"rendered":"http:\/\/ingweber.de\/produkt\/erlanger-hoefe-2017\/"},"modified":"2021-08-11T13:06:39","modified_gmt":"2021-08-11T11:06:39","slug":"erlanger-hoefe","status":"publish","type":"product","link":"https:\/\/ingweber.de\/en\/produkt\/erlanger-hoefe\/","title":{"rendered":"Erlanger H\u00f6fe"},"content":{"rendered":"<p>Wohnquartier in Erlangen mit 1 Hotel, 1 Studentenwohnheim, 1 Wohn- und Gesch\u00e4ftshaus, 5 Mehrfamilienh\u00e4user<\/p>\n","protected":false},"excerpt":{"rendered":"<p>Wohnquartier in Erlangen mit 1 Hotel, 1 Studentenwohnheim, 1 Wohn- und Gesch\u00e4ftshaus, 5 Mehrfamilienh\u00e4user<\/p>\n","protected":false},"featured_media":6485,"template":"","meta":{"_acf_changed":false},"product_cat":[633],"product_tag":[],"acf":[],"_links":{"self":[{"href":"https:\/\/ingweber.de\/en\/wp-json\/wp\/v2\/product\/7580"}],"collection":[{"href":"https:\/\/ingweber.de\/en\/wp-json\/wp\/v2\/product"}],"about":[{"href":"https:\/\/ingweber.de\/en\/wp-json\/wp\/v2\/types\/product"}],"wp:featuredmedia":[{"embeddable":true,"href":"https:\/\/ingweber.de\/en\/wp-json\/wp\/v2\/media\/6485"}],"wp:attachment":[{"href":"https:\/\/ingweber.de\/en\/wp-json\/wp\/v2\/media?parent=7580"}],"wp:term":[{"taxonomy":"product_cat","embeddable":true,"href":"https:\/\/ingweber.de\/en\/wp-json\/wp\/v2\/product_cat?post=7580"},{"taxonomy":"product_tag","embeddable":true,"href":"https:\/\/ingweber.de\/en\/wp-json\/wp\/v2\/product_tag?post=7580"}],"curies":[{"name":"wp","href":"https:\/\/api.w.org\/{rel}","templated":true}]}}