{"id":7577,"date":"2020-03-10T15:53:53","date_gmt":"2020-03-10T14:53:53","guid":{"rendered":"http:\/\/ingweber.de\/produkt\/lorscher-strasse-9-2017-2015\/"},"modified":"2021-08-11T13:04:58","modified_gmt":"2021-08-11T11:04:58","slug":"lorscher-strasse-9","status":"publish","type":"product","link":"https:\/\/ingweber.de\/en\/produkt\/lorscher-strasse-9\/","title":{"rendered":"Lorscher Stra\u00dfe 9"},"content":{"rendered":"<p>F\u00fcnf Mehrfamilienh\u00e4user auf einer Tiefgarage<\/p>\n","protected":false},"excerpt":{"rendered":"<p>F\u00fcnf Mehrfamilienh\u00e4user auf einer Tiefgarage<\/p>\n","protected":false},"featured_media":7791,"template":"","meta":{"_acf_changed":false},"product_cat":[20,619],"product_tag":[],"acf":[],"_links":{"self":[{"href":"https:\/\/ingweber.de\/en\/wp-json\/wp\/v2\/product\/7577"}],"collection":[{"href":"https:\/\/ingweber.de\/en\/wp-json\/wp\/v2\/product"}],"about":[{"href":"https:\/\/ingweber.de\/en\/wp-json\/wp\/v2\/types\/product"}],"wp:featuredmedia":[{"embeddable":true,"href":"https:\/\/ingweber.de\/en\/wp-json\/wp\/v2\/media\/7791"}],"wp:attachment":[{"href":"https:\/\/ingweber.de\/en\/wp-json\/wp\/v2\/media?parent=7577"}],"wp:term":[{"taxonomy":"product_cat","embeddable":true,"href":"https:\/\/ingweber.de\/en\/wp-json\/wp\/v2\/product_cat?post=7577"},{"taxonomy":"product_tag","embeddable":true,"href":"https:\/\/ingweber.de\/en\/wp-json\/wp\/v2\/product_tag?post=7577"}],"curies":[{"name":"wp","href":"https:\/\/api.w.org\/{rel}","templated":true}]}}