{"id":8420,"date":"2024-05-21T15:40:28","date_gmt":"2024-05-21T13:40:28","guid":{"rendered":"https:\/\/ingweber.de\/?page_id=8420"},"modified":"2024-05-21T16:15:49","modified_gmt":"2024-05-21T14:15:49","slug":"heissbemessung-von-stahlbau","status":"publish","type":"page","link":"https:\/\/ingweber.de\/en\/heissbemessung-von-stahlbau\/","title":{"rendered":"Fire design of steel structures"},"content":{"rendered":"<div class=\"wpb-content-wrapper\"><section class=\"l-section wpb_row height_auto width_full color_alternate with_img\"><div class=\"l-section-img\" style=\"background-image: url(https:\/\/ingweber.de\/wp-content\/uploads\/2020\/03\/lenz-weber-header-bau-koordination.jpg);\" data-img-width=\"2300\" data-img-height=\"1060\"><\/div><div class=\"l-section-h i-cf\"><div class=\"g-cols vc_row type_default valign_top\"><div class=\"vc_col-sm-12 wpb_column vc_column_container\"><div class=\"vc_column-inner\"><div class=\"wpb_wrapper\"><div class=\"ult-spacer spacer-69d06e8716018\" data-id=\"69d06e8716018\" data-height=\"300\" data-height-mobile=\"100\" data-height-tab=\"200\" data-height-tab-portrait=\"200\" data-height-mobile-landscape=\"100\" style=\"clear:both;display:block;\"><\/div><\/div><\/div><\/div><\/div><\/div><\/section><section class=\"l-section wpb_row us_custom_48927c55 height_custom color_primary\"><div class=\"l-section-h i-cf\"><div class=\"g-cols vc_row type_default valign_top\"><div class=\"vc_col-sm-12 wpb_column vc_column_container animate_afb\"><div class=\"vc_column-inner\"><div class=\"wpb_wrapper\"><div class=\"g-cols wpb_row  type_default valign_top vc_inner\"><div class=\"vc_col-sm-12 wpb_column vc_column_container\"><div class=\"vc_column-inner\"><div class=\"wpb_wrapper\"><h1 class=\"w-post-elm post_title align_left entry-title\" itemprop=\"headline\">Fire design of steel structures<\/h1><div class=\"ult-spacer spacer-69d06e8716db3\" data-id=\"69d06e8716db3\" data-height=\"30\" data-height-mobile=\"30\" data-height-tab=\"30\" data-height-tab-portrait=\"30\" data-height-mobile-landscape=\"30\" style=\"clear:both;display:block;\"><\/div><\/div><\/div><\/div><\/div><div class=\"g-cols wpb_row  type_default valign_top vc_inner\"><div class=\"vc_col-sm-6 wpb_column vc_column_container\"><div class=\"vc_column-inner\"><div class=\"wpb_wrapper\"><div class=\"wpb_text_column us_custom_03f3d98b has_text_color\"><div class=\"wpb_wrapper\"><p>Whether it is a steel post or a steel beam, steel easily absorbs heat and quickly loses strength at temperatures over 500\u00b0C, unprotected steel sections will often only survive around 20 minutes of\u00a0 normal fire conditions. Protection methods such as intumescent paints or fire protection boards are the standard method to increase the Fire resistance rating, but are costly, complicated to carry out and complicate the design of connections to other building components. \u00a0A hot measurement can allow the steel structure to achieve the required fire resistance without these disadvantages.<\/p>\n<\/div><\/div><\/div><\/div><\/div><div class=\"vc_col-sm-6 wpb_column vc_column_container\"><div class=\"vc_column-inner\"><div class=\"wpb_wrapper\"><div class=\"wpb_text_column us_custom_03f3d98b has_text_color\"><div class=\"wpb_wrapper\"><p>Typically the hot measurement of steel requires a more advanced calculation or methods. For example a local or natural fire calculation, CFD (Computational Flow Dynamics). We have also had successful projects where we partial passive fire protection of the Steg was recommended and proved with a hot measurement.<\/p>\n<\/div><\/div><\/div><\/div><\/div><\/div><\/div><\/div><\/div><\/div><\/div><\/section><section class=\"l-section wpb_row us_custom_48927c55 height_custom\"><div class=\"l-section-h i-cf\"><div class=\"g-cols vc_row type_default valign_top\"><div class=\"vc_col-sm-6 wpb_column vc_column_container\"><div class=\"vc_column-inner\"><div class=\"wpb_wrapper\"><div class=\"g-cols wpb_row  type_default valign_top vc_inner\"><div class=\"vc_col-sm-12 wpb_column vc_column_container\"><div class=\"vc_column-inner\"><div class=\"wpb_wrapper\"><div class=\"w-image align_none\"><div class=\"w-image-h\"><img loading=\"lazy\" decoding=\"async\" width=\"473\" height=\"311\" src=\"https:\/\/ingweber.de\/wp-content\/uploads\/2023\/01\/Unbenannt2-1.png\" class=\"attachment-full size-full\" alt=\"\" srcset=\"https:\/\/ingweber.de\/wp-content\/uploads\/2023\/01\/Unbenannt2-1.png 473w, https:\/\/ingweber.de\/wp-content\/uploads\/2023\/01\/Unbenannt2-1-300x197.png 300w\" sizes=\"(max-width: 473px) 100vw, 473px\" \/><\/div><\/div><\/div><\/div><\/div><\/div><\/div><\/div><\/div><div class=\"vc_col-sm-6 wpb_column vc_column_container animate_afb\"><div class=\"vc_column-inner\"><div class=\"wpb_wrapper\"><div class=\"g-cols wpb_row  type_default valign_top vc_inner\"><div class=\"vc_col-sm-12 wpb_column vc_column_container\"><div class=\"vc_column-inner\"><div class=\"wpb_wrapper\"><div class=\"wpb_text_column us_custom_03f3d98b has_text_color\"><div class=\"wpb_wrapper\"><h2>Hot measurement of modular container buildings.<\/h2>\n<p>Whether for temporary schools, refugee centres or offices, modular buildings are recently becoming more popular. As they are constructed differently to normal steel buildings, they present atypical challenges. Usually, the steel structure is highly loaded and also has reduced passive fire protection. Lenz Weber has experience in the hot measurement of several different successful projects of this type. Often a CFD flow analysis is required to calculate the temperature of the outside of the building.<\/p>\n<p>In all cases, the results allowed the building to be used as required, often with large cost savings to alternative methods.<\/p>\n<p>The requirements for modular buildings vary greatly between the different Bundesl\u00e4nder, as Lenz Weber has projects in many of the different B\u00fcndesl\u00e4nder we are ready to advise you on how these differences will affect the viability and economics of the hot measurement.<\/p>\n<\/div><\/div><\/div><\/div><\/div><\/div><\/div><\/div><\/div><\/div><\/div><\/section><section class=\"l-section wpb_row height_custom\"><div class=\"l-section-h i-cf\"><div class=\"g-cols vc_row type_default valign_top\"><div class=\"vc_col-sm-6 wpb_column vc_column_container\"><div class=\"vc_column-inner\"><div class=\"wpb_wrapper\"><div class=\"g-cols wpb_row  type_default valign_top vc_inner\"><div class=\"vc_col-sm-12 wpb_column vc_column_container\"><div class=\"vc_column-inner\"><div class=\"wpb_wrapper\"><div class=\"wpb_text_column us_custom_03f3d98b has_text_color\"><div class=\"wpb_wrapper\"><h3>Fire safety design of industrial steel halls<\/h3>\n<p>We have experience in the hot measurement of a range of steel industrial halls. Whether this is with standard steel construction or steel composite construction. Past projects have also looked at conveyor belt systems, similar to in airports.<\/p>\n<\/div><\/div><\/div><\/div><\/div><\/div><\/div><\/div><\/div><div class=\"vc_col-sm-6 wpb_column vc_column_container\"><div class=\"vc_column-inner\"><div class=\"wpb_wrapper\"><div class=\"g-cols wpb_row  type_default valign_top vc_inner\"><div class=\"vc_col-sm-12 wpb_column vc_column_container\"><div class=\"vc_column-inner\"><div class=\"wpb_wrapper\"><div class=\"w-image align_none meta_simple\"><div class=\"w-image-h\"><img loading=\"lazy\" decoding=\"async\" width=\"988\" height=\"705\" src=\"https:\/\/ingweber.de\/wp-content\/uploads\/2020\/10\/Unbenannt3.png\" class=\"attachment-full size-full\" alt=\"\" srcset=\"https:\/\/ingweber.de\/wp-content\/uploads\/2020\/10\/Unbenannt3.png 988w, https:\/\/ingweber.de\/wp-content\/uploads\/2020\/10\/Unbenannt3-300x214.png 300w, https:\/\/ingweber.de\/wp-content\/uploads\/2020\/10\/Unbenannt3-600x428.png 600w\" sizes=\"(max-width: 988px) 100vw, 988px\" \/><div class=\"w-image-meta\"><div class=\"w-image-title\">CFD Str\u00f6mungsanalyse Industrie Stahlhallen.<\/div><\/div><\/div><\/div><\/div><\/div><\/div><\/div><\/div><\/div><\/div><\/div><\/div><\/section><section class=\"l-section wpb_row height_custom\"><div class=\"l-section-h i-cf\"><div class=\"g-cols vc_row type_default valign_top\"><div class=\"vc_col-sm-6 wpb_column vc_column_container\"><div class=\"vc_column-inner\"><div class=\"wpb_wrapper\"><div class=\"g-cols wpb_row  type_default valign_top vc_inner\"><div class=\"vc_col-sm-12 wpb_column vc_column_container\"><div class=\"vc_column-inner\"><div class=\"wpb_wrapper\"><div class=\"w-image align_none meta_simple\"><div class=\"w-image-h\"><img loading=\"lazy\" decoding=\"async\" width=\"1132\" height=\"696\" src=\"https:\/\/ingweber.de\/wp-content\/uploads\/2023\/01\/sim.png\" class=\"attachment-full size-full\" alt=\"\" srcset=\"https:\/\/ingweber.de\/wp-content\/uploads\/2023\/01\/sim.png 1132w, https:\/\/ingweber.de\/wp-content\/uploads\/2023\/01\/sim-300x184.png 300w, https:\/\/ingweber.de\/wp-content\/uploads\/2023\/01\/sim-1024x630.png 1024w, https:\/\/ingweber.de\/wp-content\/uploads\/2023\/01\/sim-600x369.png 600w\" sizes=\"(max-width: 1132px) 100vw, 1132px\" \/><div class=\"w-image-meta\"><div class=\"w-image-title\">CFD Str\u00f6mungssimulation eines Kinos mit Aluminiumkonstruktion.<\/div><\/div><\/div><\/div><\/div><\/div><\/div><\/div><\/div><\/div><\/div><div class=\"vc_col-sm-6 wpb_column vc_column_container\"><div class=\"vc_column-inner\"><div class=\"wpb_wrapper\"><div class=\"g-cols wpb_row  type_default valign_top vc_inner\"><div class=\"vc_col-sm-12 wpb_column vc_column_container\"><div class=\"vc_column-inner\"><div class=\"wpb_wrapper\"><div class=\"wpb_text_column us_custom_03f3d98b has_text_color\"><div class=\"wpb_wrapper\"><h3>Aluminium<\/h3>\n<p>Aluminium absorbs heat quicker and loses its strength at lower temperatures than steel, therefore it performs even worse in fire than steel. Lenz Weber was proud to collaborate with Ingeni SARL in Switzerland to prove the fire resistance of a historically protected Cinema from the 60s constructed from Aluminium.<\/p>\n<\/div><\/div><\/div><\/div><\/div><\/div><\/div><\/div><\/div><\/div><\/div><\/section><section class=\"l-section wpb_row height_custom\"><div class=\"l-section-h i-cf\"><div class=\"g-cols vc_row type_default valign_top\"><div class=\"vc_col-sm-6 wpb_column vc_column_container\"><div class=\"vc_column-inner\"><div class=\"wpb_wrapper\"><div class=\"g-cols wpb_row  type_default valign_top vc_inner\"><div class=\"vc_col-sm-12 wpb_column vc_column_container\"><div class=\"vc_column-inner\"><div class=\"wpb_wrapper\"><div class=\"wpb_text_column us_custom_03f3d98b has_text_color\"><div class=\"wpb_wrapper\"><h2>Galvanised steel<\/h2>\n<p>Recent research has also shown that galvanised steel has improved performance in fire, as the surface tends to reflect heat away. We can provide computational or hand calculations based on this new research for such galvanised steel sections.<\/p>\n<\/div><\/div><\/div><\/div><\/div><\/div><\/div><\/div><\/div><div class=\"vc_col-sm-6 wpb_column vc_column_container\"><div class=\"vc_column-inner\"><div class=\"wpb_wrapper\"><\/div><\/div><\/div><\/div><\/div><\/section><section class=\"l-section wpb_row height_custom\"><div class=\"l-section-h i-cf\"><div class=\"g-cols vc_row type_default valign_top\"><div class=\"vc_col-sm-6 wpb_column vc_column_container\"><div class=\"vc_column-inner\"><div class=\"wpb_wrapper\"><div class=\"g-cols wpb_row  type_default valign_top vc_inner\"><div class=\"vc_col-sm-12 wpb_column vc_column_container\"><div class=\"vc_column-inner\"><div class=\"wpb_wrapper\"><div class=\"w-image align_none meta_simple\"><div class=\"w-image-h\"><img loading=\"lazy\" decoding=\"async\" width=\"438\" height=\"465\" src=\"https:\/\/ingweber.de\/wp-content\/uploads\/2024\/05\/StegVerkleidung.png\" class=\"attachment-full size-full\" alt=\"\" srcset=\"https:\/\/ingweber.de\/wp-content\/uploads\/2024\/05\/StegVerkleidung.png 438w, https:\/\/ingweber.de\/wp-content\/uploads\/2024\/05\/StegVerkleidung-283x300.png 283w\" sizes=\"(max-width: 438px) 100vw, 438px\" \/><div class=\"w-image-meta\"><div class=\"w-image-title\">Teilweiser Brandschutz von Stahlprofilen zur Erf\u00fcllung der F60-Anforderungen.<\/div><\/div><\/div><\/div><\/div><\/div><\/div><\/div><\/div><\/div><\/div><div class=\"vc_col-sm-6 wpb_column vc_column_container\"><div class=\"vc_column-inner\"><div class=\"wpb_wrapper\"><div class=\"g-cols wpb_row  type_default valign_top vc_inner\"><div class=\"vc_col-sm-12 wpb_column vc_column_container\"><div class=\"vc_column-inner\"><div class=\"wpb_wrapper\"><div class=\"wpb_text_column us_custom_03f3d98b has_text_color\"><div class=\"wpb_wrapper\"><h2>Other solutions.<\/h2>\n<p>Difficult problems require creative solutions. Perhaps there is no room for passive fire protection or it interferes with other functions. We have several projects where we have been able to offer a solution that still fulfils the relevant regulations and standards.<\/p>\n<\/div><\/div><\/div><\/div><\/div><\/div><\/div><\/div><\/div><\/div><\/div><\/section>\n<\/div>","protected":false},"excerpt":{"rendered":"Fire design of steel structuresWhether it is a steel post or a steel beam, steel easily absorbs heat and quickly loses strength at temperatures over 500\u00b0C, unprotected steel sections will often only survive around 20 minutes of\u00a0 normal fire conditions. Protection methods such as intumescent paints or fire protection boards are the standard method to...","protected":false},"author":5,"featured_media":0,"parent":0,"menu_order":0,"comment_status":"closed","ping_status":"closed","template":"","meta":{"_acf_changed":false,"footnotes":""},"acf":[],"_links":{"self":[{"href":"https:\/\/ingweber.de\/en\/wp-json\/wp\/v2\/pages\/8420"}],"collection":[{"href":"https:\/\/ingweber.de\/en\/wp-json\/wp\/v2\/pages"}],"about":[{"href":"https:\/\/ingweber.de\/en\/wp-json\/wp\/v2\/types\/page"}],"author":[{"embeddable":true,"href":"https:\/\/ingweber.de\/en\/wp-json\/wp\/v2\/users\/5"}],"replies":[{"embeddable":true,"href":"https:\/\/ingweber.de\/en\/wp-json\/wp\/v2\/comments?post=8420"}],"version-history":[{"count":7,"href":"https:\/\/ingweber.de\/en\/wp-json\/wp\/v2\/pages\/8420\/revisions"}],"predecessor-version":[{"id":8429,"href":"https:\/\/ingweber.de\/en\/wp-json\/wp\/v2\/pages\/8420\/revisions\/8429"}],"wp:attachment":[{"href":"https:\/\/ingweber.de\/en\/wp-json\/wp\/v2\/media?parent=8420"}],"curies":[{"name":"wp","href":"https:\/\/api.w.org\/{rel}","templated":true}]}}