{"id":7941,"date":"2020-03-12T10:38:28","date_gmt":"2020-03-12T09:38:28","guid":{"rendered":"http:\/\/ingweber.de\/?page_id=7941"},"modified":"2020-03-31T14:25:47","modified_gmt":"2020-03-31T12:25:47","slug":"aktuelles","status":"publish","type":"page","link":"https:\/\/ingweber.de\/en\/aktuelles\/","title":{"rendered":"News"},"content":{"rendered":"<div class=\"wpb-content-wrapper\"><section class=\"l-section wpb_row height_auto width_full color_alternate with_img\"><div class=\"l-section-img\" style=\"background-image: url(https:\/\/ingweber.de\/wp-content\/uploads\/2020\/03\/lenz-weber-header-news.jpg);background-position: bottom center;\" data-img-width=\"2300\" data-img-height=\"1060\"><\/div><div class=\"l-section-h i-cf\"><div class=\"g-cols vc_row type_default valign_top\"><div class=\"vc_col-sm-12 wpb_column vc_column_container\"><div class=\"vc_column-inner\"><div class=\"wpb_wrapper\"><div class=\"ult-spacer spacer-69e8a1d29c8f1\" data-id=\"69e8a1d29c8f1\" data-height=\"300\" data-height-mobile=\"100\" data-height-tab=\"200\" data-height-tab-portrait=\"200\" data-height-mobile-landscape=\"100\" style=\"clear:both;display:block;\"><\/div><\/div><\/div><\/div><\/div><\/div><\/section><section class=\"l-section wpb_row us_custom_48927c55 height_custom color_primary\"><div class=\"l-section-h i-cf\"><div class=\"g-cols vc_row type_default valign_middle\"><div class=\"vc_col-sm-12 wpb_column vc_column_container animate_afb\"><div class=\"vc_column-inner\"><div class=\"wpb_wrapper\"><div class=\"g-cols wpb_row  type_default valign_top vc_inner\"><div class=\"vc_col-sm-12 wpb_column vc_column_container\"><div class=\"vc_column-inner\"><div class=\"wpb_wrapper\"><h1 class=\"w-post-elm post_title align_left entry-title\" itemprop=\"headline\">News<\/h1><\/div><\/div><\/div><\/div><\/div><\/div><\/div><\/div><\/div><\/section><section class=\"l-section wpb_row us_custom_54ebd4d1 height_custom\"><div class=\"l-section-h i-cf\"><div class=\"g-cols vc_row type_default valign_top\"><div class=\"vc_col-sm-12 wpb_column vc_column_container\"><div class=\"vc_column-inner\"><div class=\"wpb_wrapper\"><div class=\"g-cols wpb_row  type_default valign_top vc_inner\"><div class=\"vc_col-sm-6 wpb_column vc_column_container\"><div class=\"vc_column-inner\"><div class=\"wpb_wrapper\"><div class=\"w-grid type_grid layout_blog_11\" id=\"us_grid_1\"><style id=\"us_grid_1_css\">#us_grid_1 .w-grid-item:not(:last-child){margin-bottom:10px}#us_grid_1 .g-loadmore{margin-top:10px}<\/style><style>.layout_blog_11 .w-grid-item-h{}.layout_blog_11 .usg_post_title_1{font-size:1.4rem!important}.layout_blog_11 .usg_hwrapper_1{color:#9698a3!important;font-size:14px!important}.layout_blog_11 .usg_post_taxonomy_1{font-weight:700!important;text-transform:uppercase!important}.layout_blog_11 .usg_post_image_1{margin-top:0.6rem!important}.layout_blog_11 .usg_post_content_1{font-size:0.9rem!important;line-height:1.7!important;margin-top:0.8rem!important}@media (max-width:600px){.layout_blog_11 .usg_post_title_1{font-size:1.2rem!important}}<\/style><div class=\"w-grid-list\"><article class=\"w-grid-item size_1x1 post-7933 post type-post status-publish format-standard hentry category-news\" data-id=\"7933\">\r\n\t<div class=\"w-grid-item-h\">\r\n\t\t\t\t<h2 class=\"w-post-elm post_title usg_post_title_1 entry-title color_link_inherit\"><a href=\"https:\/\/ingweber.de\/en\/lenz-weber-ingenieure-als-klimaneutrales-unternehmen-zertifiziert\/\">Lenz Weber Ingenieure als klimaneutrales Unternehmen zertifiziert<\/a><\/h2><div class=\"w-hwrapper usg_hwrapper_1 align_left valign_top wrap \"><div class=\"w-post-elm post_taxonomy usg_post_taxonomy_1 style_simple\"><a href=\"https:\/\/ingweber.de\/en\/category\/news\/\">News<\/a><\/div><time class=\"w-post-elm post_date usg_post_date_1 entry-date published\" datetime=\"2020-03-12T10:21:10+00:00\" title=\"12 March 2020 at 10:21:10 UTC\">12 Mar 2020<\/time><\/div><div class=\"w-post-elm post_content usg_post_content_1\"><p>Wir bem\u00fchen uns als Unternehmen f\u00fcr unsere Kunden energieeffiziente, wirtschaftliche und klimaschonende L\u00f6sungen zu finden.<\/p>\n<\/div>\t<\/div>\r\n<\/article>\r\n<article class=\"w-grid-item size_1x1 post-7931 post type-post status-publish format-standard hentry category-news\" data-id=\"7931\">\r\n\t<div class=\"w-grid-item-h\">\r\n\t\t\t\t<h2 class=\"w-post-elm post_title usg_post_title_1 entry-title color_link_inherit\"><a href=\"https:\/\/ingweber.de\/en\/green-building-award-fuer-deutsche-boerse-eschborn\/\">Green Building Award f\u00fcr ,,deutsche B\u00f6rse Eschborn&#8221;<\/a><\/h2><div class=\"w-hwrapper usg_hwrapper_1 align_left valign_top wrap \"><div class=\"w-post-elm post_taxonomy usg_post_taxonomy_1 style_simple\"><a href=\"https:\/\/ingweber.de\/en\/category\/news\/\">News<\/a><\/div><time class=\"w-post-elm post_date usg_post_date_1 entry-date published\" datetime=\"2020-03-12T10:16:14+00:00\" title=\"12 March 2020 at 10:16:14 UTC\">12 Mar 2020<\/time><\/div><div class=\"w-post-elm post_content usg_post_content_1\"><p>Das Geb\u00e4ude der Deutschen B\u00f6rse in Eschborn, f\u00fcr das Lenz Weber Ingenieure das Energiekonzept entwickelte, gewann den Green Building Award 2013 der Stadt Frankfurt am Main, des Regionalverbands FrankfurtRheinMain und der Wissenschaftsstadt Darmstadt.<\/p>\n<\/div>\t<\/div>\r\n<\/article>\r\n<article class=\"w-grid-item size_1x1 post-7929 post type-post status-publish format-standard hentry category-news\" data-id=\"7929\">\r\n\t<div class=\"w-grid-item-h\">\r\n\t\t\t\t<h2 class=\"w-post-elm post_title usg_post_title_1 entry-title color_link_inherit\"><a href=\"https:\/\/ingweber.de\/en\/revitalisierung-tritonhaus-mit-dgnb-gold-ausgezeichnet\/\">Revitalisierung ,,Tritonhaus&#8221; mit DGNB Gold ausgezeichnet<\/a><\/h2><div class=\"w-hwrapper usg_hwrapper_1 align_left valign_top wrap \"><div class=\"w-post-elm post_taxonomy usg_post_taxonomy_1 style_simple\"><a href=\"https:\/\/ingweber.de\/en\/category\/news\/\">News<\/a><\/div><time class=\"w-post-elm post_date usg_post_date_1 entry-date published\" datetime=\"2020-03-12T10:15:15+00:00\" title=\"12 March 2020 at 10:15:15 UTC\">12 Mar 2020<\/time><\/div><div class=\"w-post-elm post_content usg_post_content_1\"><p>Die Komplettsanierung des &#8220;Tritongeb\u00e4udes&#8221; erreicht mit 85,6 % die h\u00f6chste, bisherige Bewertung im Bewertungssystem KBV 08.<\/p>\n<\/div>\t<\/div>\r\n<\/article>\r\n<article class=\"w-grid-item size_1x1 post-1504 post type-post status-publish format-standard hentry category-news\" data-id=\"1504\">\r\n\t<div class=\"w-grid-item-h\">\r\n\t\t\t\t<h2 class=\"w-post-elm post_title usg_post_title_1 entry-title color_link_inherit\"><a href=\"https:\/\/ingweber.de\/en\/beautiful-scapes\/\">1. Preis beim DMK-Award f\u00fcr nachhaltiges bauen Hessen + Th\u00fcrigen 2014<\/a><\/h2><div class=\"w-hwrapper usg_hwrapper_1 align_left valign_top wrap \"><div class=\"w-post-elm post_taxonomy usg_post_taxonomy_1 style_simple\"><a href=\"https:\/\/ingweber.de\/en\/category\/news\/\">News<\/a><\/div><time class=\"w-post-elm post_date usg_post_date_1 entry-date published\" datetime=\"2015-09-15T10:52:02+00:00\" title=\"15 September 2015 at 10:52:02 UTC\">15 Sep 2015<\/time><\/div><div class=\"w-post-elm post_content usg_post_content_1\"><p>Das Mutter-Kind-Haus in Frankfurt am Main\/Stadtteil Riedberg, konzipiert und entwickelt von BAUFR\u00d6SCHE \u2013 Architekturb\u00fcro und Stadtplaner GmbH, Kassel hat den 1. Preis in der Kategorie Mehrfamilienh\u00e4user gewonnen. <\/p>\n<\/div>\t<\/div>\r\n<\/article>\r\n<\/div>\t<div class=\"w-grid-json hidden\" onclick='return {&quot;ajax_url&quot;:&quot;https:\\\/\\\/ingweber.de\\\/wp-admin\\\/admin-ajax.php&quot;,&quot;permalink_url&quot;:&quot;https:\\\/\\\/ingweber.de\\\/en\\\/beautiful-scapes\\\/&quot;,&quot;action&quot;:&quot;us_ajax_grid&quot;,&quot;max_num_pages&quot;:1,&quot;infinite_scroll&quot;:0,&quot;template_vars&quot;:{&quot;query_args&quot;:{&quot;post_type&quot;:[&quot;post&quot;],&quot;tax_query&quot;:[{&quot;taxonomy&quot;:&quot;category&quot;,&quot;field&quot;:&quot;slug&quot;,&quot;terms&quot;:[&quot;News&quot;]}],&quot;post_status&quot;:[&quot;publish&quot;,&quot;acf-disabled&quot;],&quot;orderby&quot;:{&quot;date&quot;:&quot;DESC&quot;},&quot;posts_per_page&quot;:&quot;10&quot;},&quot;post_id&quot;:7941,&quot;us_grid_index&quot;:1,&quot;us_grid_ajax_index&quot;:1,&quot;exclude_items&quot;:&quot;none&quot;,&quot;items_offset&quot;:&quot;1&quot;,&quot;items_layout&quot;:&quot;blog_11&quot;,&quot;type&quot;:&quot;grid&quot;,&quot;columns&quot;:&quot;1&quot;,&quot;img_size&quot;:&quot;default&quot;,&quot;overriding_link&quot;:&quot;none&quot;}}'><\/div>\r\n<\/div><\/div><\/div><\/div><div class=\"vc_col-sm-6 wpb_column vc_column_container\"><div class=\"vc_column-inner\"><div class=\"wpb_wrapper\"><div class=\"w-grid type_grid layout_blog_1\" id=\"us_grid_2\"><style id=\"us_grid_2_css\">#us_grid_2 .w-grid-item:not(:last-child){margin-bottom:10px}#us_grid_2 .g-loadmore{margin-top:10px}<\/style><style>.layout_blog_1 .w-grid-item-h{}.layout_blog_1 .usg_post_image_1{margin-bottom:0.5rem!important}.layout_blog_1 .usg_post_title_1{font-size:1rem!important}<\/style><div class=\"w-grid-list\"><article class=\"w-grid-item size_1x1 custom-link post-7953 post type-post status-publish format-link hentry category-pressestimmen post_format-post-format-link\" data-id=\"7953\">\r\n\t<div class=\"w-grid-item-h\">\r\n\t\t\t\t\t<a class=\"w-grid-item-anchor\" href=\"https:\/\/ingweber.de\/wp-content\/uploads\/2020\/03\/131120-faz-deutsche_boerse_eschborn.pdf\" target=\"_blank\" rel=\"noopener\" target=\"_blank\" rel=\"noopener\" aria-label=\"FAZ &#8211; Deutsche B\u00f6rse Eschborn (pdf, 0.07 MB)\"><\/a>\r\n\t\t\t\t<h2 class=\"w-post-elm post_title usg_post_title_1 entry-title color_link_inherit\"><a href=\"https:\/\/ingweber.de\/en\/faz-deutsche-boerse-eschborn-pdf-0-07-mb\/\" target=\"_blank\" rel=\"noopener\">FAZ &#8211; Deutsche B\u00f6rse Eschborn (pdf, 0.07 MB)<\/a><\/h2>\t<\/div>\r\n<\/article>\r\n<article class=\"w-grid-item size_1x1 custom-link post-7949 post type-post status-publish format-link hentry category-pressestimmen post_format-post-format-link\" data-id=\"7949\">\r\n\t<div class=\"w-grid-item-h\">\r\n\t\t\t\t\t<a class=\"w-grid-item-anchor\" href=\"https:\/\/ingweber.de\/wp-content\/uploads\/2020\/03\/131111-pm-green-building-final.pdf\" target=\"_blank\" rel=\"noopener\" target=\"_blank\" rel=\"noopener\" aria-label=\"Pressemeldung Green-Building (pdf, 0.1 MB)\"><\/a>\r\n\t\t\t\t<h2 class=\"w-post-elm post_title usg_post_title_1 entry-title color_link_inherit\"><a href=\"https:\/\/ingweber.de\/en\/pressemeldung-green-building-pdf-0-1-mb\/\" target=\"_blank\" rel=\"noopener\">Pressemeldung Green-Building (pdf, 0.1 MB)<\/a><\/h2>\t<\/div>\r\n<\/article>\r\n<article class=\"w-grid-item size_1x1 custom-link post-7946 post type-post status-publish format-link hentry category-pressestimmen post_format-post-format-link\" data-id=\"7946\">\r\n\t<div class=\"w-grid-item-h\">\r\n\t\t\t\t\t<a class=\"w-grid-item-anchor\" href=\"https:\/\/ingweber.de\/wp-content\/uploads\/2020\/03\/131120-fnp-deutsche-boerse-eschborn.pdf\" target=\"_blank\" rel=\"noopener\" target=\"_blank\" rel=\"noopener\" aria-label=\"FNP &#8211; Deutsche B\u00f6rse Eschborn (pdf, 0.76 MB)\"><\/a>\r\n\t\t\t\t<h2 class=\"w-post-elm post_title usg_post_title_1 entry-title color_link_inherit\"><a href=\"https:\/\/ingweber.de\/en\/fnp-deutsche-boerse-eschborn-pdf-0-76-mb\/\" target=\"_blank\" rel=\"noopener\">FNP &#8211; Deutsche B\u00f6rse Eschborn (pdf, 0.76 MB)<\/a><\/h2>\t<\/div>\r\n<\/article>\r\n<article class=\"w-grid-item size_1x1 custom-link post-7938 post type-post status-publish format-link hentry category-pressestimmen post_format-post-format-link\" data-id=\"7938\">\r\n\t<div class=\"w-grid-item-h\">\r\n\t\t\t\t\t<a class=\"w-grid-item-anchor\" href=\"https:\/\/ingweber.de\/wp-content\/uploads\/2020\/03\/131120-deutsche_boerse_eschborn.pdf\" target=\"_blank\" rel=\"noopener\" target=\"_blank\" rel=\"noopener\" aria-label=\"Frankfurt-Live.com &#8211; Deutsche B\u00f6rse Eschborn (pdf, 0.1 MB)\"><\/a>\r\n\t\t\t\t<h2 class=\"w-post-elm post_title usg_post_title_1 entry-title color_link_inherit\"><a href=\"https:\/\/ingweber.de\/en\/frankfurt-live-com-deutsche-boerse-eschborn-pdf-0-1-mb\/\" target=\"_blank\" rel=\"noopener\">Frankfurt-Live.com &#8211; Deutsche B\u00f6rse Eschborn (pdf, 0.1 MB)<\/a><\/h2>\t<\/div>\r\n<\/article>\r\n<\/div>\t<div class=\"w-grid-json hidden\" onclick='return {&quot;ajax_url&quot;:&quot;https:\\\/\\\/ingweber.de\\\/wp-admin\\\/admin-ajax.php&quot;,&quot;permalink_url&quot;:&quot;https:\\\/\\\/ingweber.de\\\/en\\\/frankfurt-live-com-deutsche-boerse-eschborn-pdf-0-1-mb\\\/&quot;,&quot;action&quot;:&quot;us_ajax_grid&quot;,&quot;max_num_pages&quot;:1,&quot;infinite_scroll&quot;:0,&quot;template_vars&quot;:{&quot;query_args&quot;:{&quot;post_type&quot;:[&quot;post&quot;],&quot;tax_query&quot;:[{&quot;taxonomy&quot;:&quot;category&quot;,&quot;field&quot;:&quot;slug&quot;,&quot;terms&quot;:[&quot;Pressestimmen&quot;]}],&quot;post_status&quot;:[&quot;publish&quot;,&quot;acf-disabled&quot;],&quot;orderby&quot;:{&quot;date&quot;:&quot;DESC&quot;},&quot;posts_per_page&quot;:&quot;10&quot;},&quot;post_id&quot;:1504,&quot;us_grid_index&quot;:2,&quot;us_grid_ajax_index&quot;:1,&quot;exclude_items&quot;:&quot;none&quot;,&quot;items_offset&quot;:&quot;1&quot;,&quot;items_layout&quot;:&quot;blog_1&quot;,&quot;type&quot;:&quot;grid&quot;,&quot;columns&quot;:&quot;1&quot;,&quot;img_size&quot;:&quot;default&quot;,&quot;overriding_link&quot;:&quot;post&quot;}}'><\/div>\r\n<\/div><\/div><\/div><\/div><\/div><\/div><\/div><\/div><\/div><\/div><\/section>\n<\/div>","protected":false},"excerpt":{"rendered":"","protected":false},"author":6,"featured_media":0,"parent":0,"menu_order":0,"comment_status":"closed","ping_status":"closed","template":"","meta":{"_acf_changed":false,"footnotes":""},"acf":[],"_links":{"self":[{"href":"https:\/\/ingweber.de\/en\/wp-json\/wp\/v2\/pages\/7941"}],"collection":[{"href":"https:\/\/ingweber.de\/en\/wp-json\/wp\/v2\/pages"}],"about":[{"href":"https:\/\/ingweber.de\/en\/wp-json\/wp\/v2\/types\/page"}],"author":[{"embeddable":true,"href":"https:\/\/ingweber.de\/en\/wp-json\/wp\/v2\/users\/6"}],"replies":[{"embeddable":true,"href":"https:\/\/ingweber.de\/en\/wp-json\/wp\/v2\/comments?post=7941"}],"version-history":[{"count":11,"href":"https:\/\/ingweber.de\/en\/wp-json\/wp\/v2\/pages\/7941\/revisions"}],"predecessor-version":[{"id":8142,"href":"https:\/\/ingweber.de\/en\/wp-json\/wp\/v2\/pages\/7941\/revisions\/8142"}],"wp:attachment":[{"href":"https:\/\/ingweber.de\/en\/wp-json\/wp\/v2\/media?parent=7941"}],"curies":[{"name":"wp","href":"https:\/\/api.w.org\/{rel}","templated":true}]}}