{"id":7886,"date":"2020-03-12T09:00:52","date_gmt":"2020-03-12T08:00:52","guid":{"rendered":"http:\/\/ingweber.de\/?page_id=7886"},"modified":"2024-06-04T17:48:45","modified_gmt":"2024-06-04T15:48:45","slug":"heissbemessung-konstruktiver-brandschutz","status":"publish","type":"page","link":"https:\/\/ingweber.de\/en\/heissbemessung-konstruktiver-brandschutz\/","title":{"rendered":"Structural fire protection"},"content":{"rendered":"<div class=\"wpb-content-wrapper\"><section class=\"l-section wpb_row height_custom\"><div class=\"l-section-h i-cf\"><div class=\"g-cols vc_row type_default valign_top\"><div class=\"vc_col-sm-12 wpb_column vc_column_container\"><div class=\"vc_column-inner\"><div class=\"wpb_wrapper\"><div class=\"wpb_text_column\"><div class=\"wpb_wrapper\"><\/div><\/div><\/div><\/div><\/div><\/div><\/div><\/section><section class=\"l-section wpb_row height_auto width_full color_alternate with_img\"><div class=\"l-section-img\" style=\"background-image: url(https:\/\/ingweber.de\/wp-content\/uploads\/2020\/03\/lenz-weber-header-bau-koordination.jpg);\" data-img-width=\"2300\" data-img-height=\"1060\"><\/div><div class=\"l-section-h i-cf\"><div class=\"g-cols vc_row type_default valign_top\"><div class=\"vc_col-sm-12 wpb_column vc_column_container\"><div class=\"vc_column-inner\"><div class=\"wpb_wrapper\"><div class=\"ult-spacer spacer-69e18aefdc515\" data-id=\"69e18aefdc515\" data-height=\"300\" data-height-mobile=\"100\" data-height-tab=\"200\" data-height-tab-portrait=\"200\" data-height-mobile-landscape=\"100\" style=\"clear:both;display:block;\"><\/div><\/div><\/div><\/div><\/div><\/div><\/section><section class=\"l-section wpb_row us_custom_48927c55 height_custom color_primary\"><div class=\"l-section-h i-cf\"><div class=\"g-cols vc_row type_default valign_top\"><div class=\"vc_col-sm-12 wpb_column vc_column_container animate_afb\"><div class=\"vc_column-inner\"><div class=\"wpb_wrapper\"><div class=\"g-cols wpb_row  type_default valign_top vc_inner\"><div class=\"vc_col-sm-12 wpb_column vc_column_container\"><div class=\"vc_column-inner\"><div class=\"wpb_wrapper\"><h1 class=\"w-post-elm post_title align_left entry-title\" itemprop=\"headline\">Structural fire protection<\/h1><div class=\"ult-spacer spacer-69e18aefdcb69\" data-id=\"69e18aefdcb69\" data-height=\"30\" data-height-mobile=\"30\" data-height-tab=\"30\" data-height-tab-portrait=\"30\" data-height-mobile-landscape=\"30\" style=\"clear:both;display:block;\"><\/div><\/div><\/div><\/div><\/div><div class=\"g-cols wpb_row  type_default valign_top vc_inner\"><div class=\"vc_col-sm-6 wpb_column vc_column_container\"><div class=\"vc_column-inner\"><div class=\"wpb_wrapper\"><div class=\"wpb_text_column\"><div class=\"wpb_wrapper\"><p>Lenz Weber Engineers has in-depth experience with the computer-aided simulation\/analysis of the characteristics of building components during a fire, as well as with fire protection engineering methods.<\/p>\n<p>Together with leading engineering firms and research institutes, we are a founding member of a network specialized in the computer-aided analysis of the characteristics of load-bearing structures i.e. building components during a fire.<\/p>\n<p>The introduction of European fire standards (EC1-EC6 and EC9 Parts 1-2) also laid the foundation for analyzing load-bearing structures and\/or individual building components during a fire in Germany. The EC 1 1-2 contains parameter-dependent fire stresses (fire scenarios, cellulosic fires)<\/p>\n<\/div><\/div><\/div><\/div><\/div><div class=\"vc_col-sm-6 wpb_column vc_column_container\"><div class=\"vc_column-inner\"><div class=\"wpb_wrapper\"><div class=\"wpb_text_column\"><div class=\"wpb_wrapper\"><p>European standardization has thus also paved the way for the building authorities in Germany to approve engineering methods which link structural with preventative fire protection. Computer-aided simulations allow wide-span steel roofing systems, industrial buildings and venues for events to be built from steel without heat-retardant coating. Wooden buildings can also be analyzed.<\/p>\n<p>We always cross-check our analyses\/simulations with the latest international research results and collaborate closely with the corresponding fire safety experts \u2013 especially when we are dealing with special-purpose buildings. <\/p>\n<\/div><\/div><\/div><\/div><\/div><\/div><div class=\"g-cols wpb_row  type_default valign_top vc_inner\"><div class=\"vc_col-sm-12 wpb_column vc_column_container\"><div class=\"vc_column-inner\"><div class=\"wpb_wrapper\"><\/div><\/div><\/div><\/div><\/div><\/div><\/div><\/div><\/div><\/section><section class=\"l-section wpb_row us_custom_48927c55 height_custom\"><div class=\"l-section-h i-cf\"><div class=\"g-cols vc_row type_default valign_top\"><div class=\"vc_col-sm-6 wpb_column vc_column_container\"><div class=\"vc_column-inner\"><div class=\"wpb_wrapper\"><div class=\"g-cols wpb_row  type_default valign_top vc_inner\"><div class=\"vc_col-sm-12 wpb_column vc_column_container\"><div class=\"vc_column-inner\"><div class=\"wpb_wrapper\"><div class=\"w-image align_none\"><div class=\"w-image-h\"><img loading=\"lazy\" decoding=\"async\" width=\"643\" height=\"423\" src=\"https:\/\/ingweber.de\/wp-content\/uploads\/2024\/05\/Bild3.png\" class=\"attachment-full size-full\" alt=\"\" srcset=\"https:\/\/ingweber.de\/wp-content\/uploads\/2024\/05\/Bild3.png 643w, https:\/\/ingweber.de\/wp-content\/uploads\/2024\/05\/Bild3-300x197.png 300w, https:\/\/ingweber.de\/wp-content\/uploads\/2024\/05\/Bild3-600x395.png 600w\" sizes=\"(max-width: 643px) 100vw, 643px\" \/><\/div><\/div><\/div><\/div><\/div><\/div><\/div><\/div><\/div><div class=\"vc_col-sm-6 wpb_column vc_column_container animate_afb\"><div class=\"vc_column-inner\"><div class=\"wpb_wrapper\"><div class=\"g-cols wpb_row  type_default valign_top vc_inner\"><div class=\"vc_col-sm-12 wpb_column vc_column_container\"><div class=\"vc_column-inner\"><div class=\"wpb_wrapper\"><div class=\"wpb_text_column us_custom_03f3d98b has_text_color\"><div class=\"wpb_wrapper\"><h2>What is a hot measurement in structural fire protection?<\/h2>\n<p>If a building component is unable to fulfil the prescribed fire protection requirements due to a lack of fire protection cladding, impracticality in the application of the fire protection cladding, change of use or a variety of other reasons, then a hot design is often the most economical solution. Based on the current standards, a calculation is carried out to determine the fire resistance of the component. As the calculated fire resistance is often better than the prescribed requirements, this can solve many problems.<\/p>\n<p>At Lenz Weber we perform most of our hot measurement calculations using software, that can dynamically calculate both the temperature in the section over the entire fire duration, and then \u2013 if required \u2013 also run a dynamic analysis of the response of the structure over the same period. Although we have a range of other methods that we can use to solve virtually all foreseeable fire protection related problems.<\/p>\n<\/div><\/div><\/div><\/div><\/div><\/div><\/div><\/div><\/div><\/div><\/div><\/section><section class=\"l-section wpb_row us_custom_48927c55 height_custom\"><div class=\"l-section-h i-cf\"><div class=\"g-cols vc_row type_default valign_top\"><div class=\"vc_col-sm-6 wpb_column vc_column_container\"><div class=\"vc_column-inner\"><div class=\"wpb_wrapper\"><div class=\"g-cols wpb_row  type_default valign_top vc_inner\"><div class=\"vc_col-sm-12 wpb_column vc_column_container\"><div class=\"vc_column-inner\"><div class=\"wpb_wrapper\"><div class=\"wpb_text_column us_custom_03f3d98b has_text_color\"><div class=\"wpb_wrapper\"><h2>Are there alternatives to a hot measurement?<\/h2>\n<p>A hot measurement is not always the most economical solution or there are situations when the calculation will not give the required fire resistance duration. At Lenz Weber we also have many years of experience in prescriptive fire protection and therefore we can also advise you on alternatives, for example: organisational methods, fire protection products with the appropriate European permissions or other alternatives.<\/p>\n<p>We also have an experienced building physics department so that we can offer solutions that do not compromise thermal insulation, thermal bridges, sound insulation, etc.<\/p>\n<\/div><\/div><\/div><\/div><\/div><\/div><\/div><\/div><\/div><div class=\"vc_col-sm-6 wpb_column vc_column_container animate_afb\"><div class=\"vc_column-inner\"><div class=\"wpb_wrapper\"><div class=\"g-cols wpb_row  type_default valign_top vc_inner\"><div class=\"vc_col-sm-12 wpb_column vc_column_container\"><div class=\"vc_column-inner\"><div class=\"wpb_wrapper\"><div class=\"w-image align_none\"><div class=\"w-image-h\"><img loading=\"lazy\" decoding=\"async\" width=\"739\" height=\"847\" src=\"https:\/\/ingweber.de\/wp-content\/uploads\/2024\/05\/image024.png\" class=\"attachment-full size-full\" alt=\"Brandschutztechnische Verkleidung einer Stahlst\u00fctze in einem denkmalgesch\u00fctzten Geb\u00e4ude.\" srcset=\"https:\/\/ingweber.de\/wp-content\/uploads\/2024\/05\/image024.png 739w, https:\/\/ingweber.de\/wp-content\/uploads\/2024\/05\/image024-262x300.png 262w, https:\/\/ingweber.de\/wp-content\/uploads\/2024\/05\/image024-600x688.png 600w\" sizes=\"(max-width: 739px) 100vw, 739px\" \/><\/div><\/div><\/div><\/div><\/div><\/div><\/div><\/div><\/div><\/div><\/div><\/section><section class=\"l-section wpb_row us_custom_48927c55 height_custom\"><div class=\"l-section-h i-cf\"><div class=\"g-cols vc_row type_default valign_top\"><div class=\"vc_col-sm-6 wpb_column vc_column_container\"><div class=\"vc_column-inner\"><div class=\"wpb_wrapper\"><div class=\"g-cols wpb_row  type_default valign_top vc_inner\"><div class=\"vc_col-sm-12 wpb_column vc_column_container\"><div class=\"vc_column-inner\"><div class=\"wpb_wrapper\"><div class=\"w-image align_none\"><div class=\"w-image-h\"><img loading=\"lazy\" decoding=\"async\" width=\"2300\" height=\"1098\" src=\"https:\/\/ingweber.de\/wp-content\/uploads\/2020\/03\/lenz-weber-header-blog.jpg\" class=\"attachment-full size-full\" alt=\"\" srcset=\"https:\/\/ingweber.de\/wp-content\/uploads\/2020\/03\/lenz-weber-header-blog.jpg 2300w, https:\/\/ingweber.de\/wp-content\/uploads\/2020\/03\/lenz-weber-header-blog-300x143.jpg 300w, https:\/\/ingweber.de\/wp-content\/uploads\/2020\/03\/lenz-weber-header-blog-1024x489.jpg 1024w, https:\/\/ingweber.de\/wp-content\/uploads\/2020\/03\/lenz-weber-header-blog-1536x733.jpg 1536w, https:\/\/ingweber.de\/wp-content\/uploads\/2020\/03\/lenz-weber-header-blog-2048x978.jpg 2048w, https:\/\/ingweber.de\/wp-content\/uploads\/2020\/03\/lenz-weber-header-blog-600x286.jpg 600w\" sizes=\"(max-width: 2300px) 100vw, 2300px\" \/><\/div><\/div><\/div><\/div><\/div><\/div><\/div><\/div><\/div><div class=\"vc_col-sm-6 wpb_column vc_column_container animate_afb\"><div class=\"vc_column-inner\"><div class=\"wpb_wrapper\"><div class=\"g-cols wpb_row  type_default valign_top vc_inner\"><div class=\"vc_col-sm-12 wpb_column vc_column_container\"><div class=\"vc_column-inner\"><div class=\"wpb_wrapper\"><div class=\"wpb_text_column us_custom_03f3d98b has_text_color\"><div class=\"wpb_wrapper\"><h2>How much does a hot measurement cost?<\/h2>\n<p>The cost of a hot measurement varies considerably and is best discussed with us directly. In previous projects we have saved costs that otherwise would have made a project unviable. For example, we have saved clients the costs for repairing a damaged intumescent coating , building a new temporary school, fire protection of hundreds of exposed steel sections, building a new sports hall for a school, simplified the smoke extraction system in a cinema,\u00a0 allowed a theatre in a Denkmalschutz Geb\u00e4ude. In all of these cases the costs of alternative measures would have been over \u20ac100k and would have led to the project been cancelled or considerably reduced the budget for other parts of the project, the Hei\u00dfbemessung had only costed a fraction of the alternative measures and allowed these projects to successfully continue.<\/p>\n<\/div><\/div><\/div><\/div><\/div><\/div><\/div><\/div><\/div><\/div><\/div><\/section><section class=\"l-section wpb_row us_custom_48927c55 height_custom\"><div class=\"l-section-h i-cf\"><div class=\"g-cols vc_row type_default valign_top\"><div class=\"vc_col-sm-6 wpb_column vc_column_container\"><div class=\"vc_column-inner\"><div class=\"wpb_wrapper\"><div class=\"g-cols wpb_row  type_default valign_top vc_inner\"><div class=\"vc_col-sm-12 wpb_column vc_column_container\"><div class=\"vc_column-inner\"><div class=\"wpb_wrapper\"><div class=\"wpb_text_column us_custom_03f3d98b has_text_color\"><div class=\"wpb_wrapper\"><h2>What software is used for hot measurement calculations?<\/h2>\n<p>We have experience in software calculations using FRILO, mb AEC, Dlubal, ANSYS and Infograph, however we are very grateful to have a partnership with the software produced by John Hopkins University and Universit\u00e9 de Li\u00e8ge: SAFIR.<\/p>\n<p>SAFIR can perform dynamic structural analyses in 1D, 2D and 3D. Thermal analyses in 2d and 3D structures as well as shell elements. Until now SAFIR has been able to solve everything we have asked of it.<\/p>\n<p>We have also collaborated with SAFIR to run a university Masters thesis project on the local buckling of steel sections in fire conditions.<\/p>\n<p>For the CFD flow analysis in fire conditions we use the industry standard of FDS. This software can model any fire situation we can imagine, is verified and has strong heritage. Furthermore, FDS and SAFIR have collaborated together to allow the results from FDS to be directly imported into SAFIR with much greater accuracy and resolution using the RADF interface.<\/p>\n<p>Sometimes none of the above software are appropriate as they are either unnecessarily complicated and simple hand calculation will suffice or there is not yet a software solution available, in this case we are able to go back to basics and calculate by hand.<\/p>\n<\/div><\/div><\/div><\/div><\/div><\/div><\/div><\/div><\/div><div class=\"vc_col-sm-6 wpb_column vc_column_container animate_afb\"><div class=\"vc_column-inner\"><div class=\"wpb_wrapper\"><div class=\"g-cols wpb_row  type_default valign_top vc_inner\"><div class=\"vc_col-sm-12 wpb_column vc_column_container\"><div class=\"vc_column-inner\"><div class=\"wpb_wrapper\"><div class=\"w-image align_none\"><div class=\"w-image-h\"><img loading=\"lazy\" decoding=\"async\" width=\"892\" height=\"376\" src=\"https:\/\/ingweber.de\/wp-content\/uploads\/2024\/05\/image026.png\" class=\"attachment-full size-full\" alt=\"\" srcset=\"https:\/\/ingweber.de\/wp-content\/uploads\/2024\/05\/image026.png 892w, https:\/\/ingweber.de\/wp-content\/uploads\/2024\/05\/image026-300x126.png 300w, https:\/\/ingweber.de\/wp-content\/uploads\/2024\/05\/image026-600x253.png 600w\" sizes=\"(max-width: 892px) 100vw, 892px\" \/><\/div><\/div><\/div><\/div><\/div><\/div><\/div><\/div><\/div><\/div><\/div><\/section><section class=\"l-section wpb_row us_custom_48927c55 height_custom\"><div class=\"l-section-h i-cf\"><div class=\"g-cols vc_row type_default valign_top\"><div class=\"vc_col-sm-6 wpb_column vc_column_container\"><div class=\"vc_column-inner\"><div class=\"wpb_wrapper\"><div class=\"g-cols wpb_row  type_default valign_top vc_inner\"><div class=\"vc_col-sm-12 wpb_column vc_column_container\"><div class=\"vc_column-inner\"><div class=\"wpb_wrapper\"><div class=\"wpb_text_column us_custom_03f3d98b has_text_color\"><div class=\"wpb_wrapper\"><h2>Contact partner:<\/h2>\n<p>For any questions to structural fire protection, please contact Dr. Robin Amy.<\/p>\n<\/div><\/div><\/div><\/div><\/div><\/div><\/div><\/div><\/div><div class=\"vc_col-sm-6 wpb_column vc_column_container animate_afb\"><div class=\"vc_column-inner\"><div class=\"wpb_wrapper\"><div class=\"wpb_text_column us_custom_03f3d98b has_text_color\"><div class=\"wpb_wrapper\"><h2>Pages with additional information to structural fire protection:<\/h2>\n<p><a href=\"https:\/\/ingweber.de\/heissbemessung-stahlbeton\/\">Fire design of concrete<\/a> &#8211; Concrete generally performs well in fire, but there are some exceptions.<\/p>\n<p><a href=\"https:\/\/ingweber.de\/heissbemessung-von-stahlbau\/\">Fire design of steel structures<\/a> &#8211; Steel presents additional challenges when making\u00a0 a hot calculation, but these can be overcome.<\/p>\n<\/div><\/div><\/div><\/div><\/div><\/div><\/div><\/section><section class=\"l-section wpb_row height_custom\"><div class=\"l-section-h i-cf\"><div class=\"g-cols vc_row type_default valign_top\"><\/div><\/div><\/section><div class=\"vc_col-sm-12 wpb_column vc_column_container\"><div class=\"vc_column-inner\"><div class=\"wpb_wrapper\"><\/div><\/div><\/div><div class=\"wpb_text_column us_custom_03f3d98b has_text_color\"><div class=\"wpb_wrapper\"><\/div><\/div>\n<\/div>","protected":false},"excerpt":{"rendered":"Structural fire protectionLenz Weber Engineers has in-depth experience with the computer-aided simulation\/analysis of the characteristics of building components during a fire, as well as with fire protection engineering methods. Together with leading engineering firms and research institutes, we are a founding member of a network specialized in the computer-aided analysis of the characteristics of load-bearing...","protected":false},"author":6,"featured_media":0,"parent":0,"menu_order":0,"comment_status":"closed","ping_status":"closed","template":"","meta":{"_acf_changed":false,"footnotes":""},"acf":[],"_links":{"self":[{"href":"https:\/\/ingweber.de\/en\/wp-json\/wp\/v2\/pages\/7886"}],"collection":[{"href":"https:\/\/ingweber.de\/en\/wp-json\/wp\/v2\/pages"}],"about":[{"href":"https:\/\/ingweber.de\/en\/wp-json\/wp\/v2\/types\/page"}],"author":[{"embeddable":true,"href":"https:\/\/ingweber.de\/en\/wp-json\/wp\/v2\/users\/6"}],"replies":[{"embeddable":true,"href":"https:\/\/ingweber.de\/en\/wp-json\/wp\/v2\/comments?post=7886"}],"version-history":[{"count":28,"href":"https:\/\/ingweber.de\/en\/wp-json\/wp\/v2\/pages\/7886\/revisions"}],"predecessor-version":[{"id":8481,"href":"https:\/\/ingweber.de\/en\/wp-json\/wp\/v2\/pages\/7886\/revisions\/8481"}],"wp:attachment":[{"href":"https:\/\/ingweber.de\/en\/wp-json\/wp\/v2\/media?parent=7886"}],"curies":[{"name":"wp","href":"https:\/\/api.w.org\/{rel}","templated":true}]}}