{"id":7836,"date":"2020-03-11T14:16:25","date_gmt":"2020-03-11T13:16:25","guid":{"rendered":"http:\/\/ingweber.de\/?page_id=7836"},"modified":"2026-01-15T12:15:03","modified_gmt":"2026-01-15T11:15:03","slug":"karriere","status":"publish","type":"page","link":"https:\/\/ingweber.de\/en\/karriere\/","title":{"rendered":"Karriere"},"content":{"rendered":"<div class=\"wpb-content-wrapper\"><section class=\"l-section wpb_row height_auto width_full color_alternate with_img\"><div class=\"l-section-img\" style=\"background-image: url(https:\/\/ingweber.de\/wp-content\/uploads\/2020\/03\/lenz-weber-content-karriere.jpg);\" data-img-width=\"2300\" data-img-height=\"1098\"><\/div><div class=\"l-section-h i-cf\"><div class=\"g-cols vc_row type_default valign_top\"><div class=\"vc_col-sm-12 wpb_column vc_column_container\"><div class=\"vc_column-inner\"><div class=\"wpb_wrapper\"><div class=\"ult-spacer spacer-69e589f63b074\" data-id=\"69e589f63b074\" data-height=\"300\" data-height-mobile=\"100\" data-height-tab=\"200\" data-height-tab-portrait=\"200\" data-height-mobile-landscape=\"100\" style=\"clear:both;display:block;\"><\/div><\/div><\/div><\/div><\/div><\/div><\/section><section class=\"l-section wpb_row us_custom_48927c55 height_custom color_primary\"><div class=\"l-section-h i-cf\"><div class=\"g-cols vc_row type_default valign_middle\"><div class=\"vc_col-sm-12 wpb_column vc_column_container animate_afb\"><div class=\"vc_column-inner\"><div class=\"wpb_wrapper\"><div class=\"g-cols wpb_row  type_default valign_top vc_inner\"><div class=\"vc_col-sm-12 wpb_column vc_column_container\"><div class=\"vc_column-inner\"><div class=\"wpb_wrapper\"><h1 class=\"w-post-elm post_title align_left entry-title\" itemprop=\"headline\">Karriere<\/h1><\/div><\/div><\/div><\/div><\/div><\/div><\/div><\/div><\/div><\/section><section class=\"l-section wpb_row us_custom_54ebd4d1 height_custom\"><div class=\"l-section-h i-cf\"><div class=\"g-cols vc_row type_default valign_top\"><div class=\"vc_col-sm-4 wpb_column vc_column_container\"><div class=\"vc_column-inner\"><div class=\"wpb_wrapper\"><div class=\"wpb_text_column\"><div class=\"wpb_wrapper\"><p>Wir wollen unseren Mitarbeitern einen spannenden, abwechslungsreichen Arbeitsplatz bieten, in dem sie sich eigenverantwortlich entwickeln k\u00f6nnen.<\/p>\n<p>Wir sind laufend auf der Suche nach Menschen, die zu uns und unserer Philosophie passen. Abwechslungsreiche Praktika, bei denen die Praktikanten richtig gefordert werden, geben interessierten Einsteigern und uns die M\u00f6glichkeit einer ersten Kontaktaufnahme.<\/p>\n<p>Au\u00dferdem haben Diplomanden verschiedener Fachrichtungen die M\u00f6glichkeit, bei der Lenz Weber Ingenieure ihre Diplomarbeit zu schreiben.<\/p>\n<\/div><\/div><div class=\"w-image align_none\"><a class=\"w-image-h\" href=\"https:\/\/ingweber.de\/wp-content\/uploads\/2021\/08\/Lenz-Weber-Ingenieure-GmbH-erfahren.pdf\"><img loading=\"lazy\" decoding=\"async\" class=\"g-placeholder\" src=\"https:\/\/ingweber.de\/wp-content\/plugins\/us-core\/assets\/images\/placeholder.svg\" width=\"1024\" height=\"1024\" alt=\"\"><\/a><\/div><\/div><\/div><\/div><div class=\"vc_col-sm-8 wpb_column vc_column_container\"><div class=\"vc_column-inner\"><div class=\"wpb_wrapper\"><div class=\"w-tabs style_default switch_click accordion title_atleft icon_chevron iconpos_right \"><div class=\"w-tabs-list items_3\"><div class=\"w-tabs-list-h\"><div class=\"w-tabs-item active defined-active\"><div class=\"w-tabs-item-h\"><span class=\"w-tabs-item-title\">WARUM LENZ WEBER INGENIEURE?<\/span><\/div><\/div><div class=\"w-tabs-item\"><div class=\"w-tabs-item-h\"><span class=\"w-tabs-item-title\">WAS BIETEN WIR?<\/span><\/div><\/div><div class=\"w-tabs-item\"><div class=\"w-tabs-item-h\"><span class=\"w-tabs-item-title\">SIE HABEN INTERESSE?<\/span><\/div><\/div><\/div><\/div><div class=\"w-tabs-sections\"><div class=\"w-tabs-sections-h\"><div class=\"w-tabs-section active\" id=\"1583940096523-91c56232-4c83\"><a href=\"#1583940096523-91c56232-4c83\" class=\"w-tabs-section-header\"><div class=\"w-tabs-section-header-h\"><h4 class=\"w-tabs-section-title\">WARUM LENZ WEBER INGENIEURE?<\/h4><div class=\"w-tabs-section-control\"><\/div><\/div><\/a><div class=\"w-tabs-section-content\"><div class=\"w-tabs-section-content-h i-cf\"><div class=\"g-cols wpb_row  type_default valign_top vc_inner\"><div class=\"vc_col-sm-12 wpb_column vc_column_container\"><div class=\"vc_column-inner\"><div class=\"wpb_wrapper\"><div class=\"wpb_text_column\"><div class=\"wpb_wrapper\"><h2>LENZ WEBER INGENIEURE GMBH<\/h2>\n<p>Wir sind ein erfolgreiches, innovatives, mittelst\u00e4ndisches Ingenieurb\u00fcro mit einer Spezialisierung in den Bereichen Tragwerksplanung, Brandschutz und Bauphysik. Die \u00f6kologische Verantwortung und die Herausforderungen der modernen Ingenieurskunst pr\u00e4gen unsere t\u00e4gliche Arbeit. Unsere Werte Zuverl\u00e4ssigkeit, Vertrauen, unternehmerisches Denken und Handeln bestimmen unseren Berufsalltag.<br \/>\nWarum sollten Sie sich ausgerechnet f\u00fcr uns als inhabergef\u00fchrtes Ingenieurb\u00fcro entscheiden?<\/p>\n<\/div><\/div><div class=\"ult-spacer spacer-69e589f63c580\" data-id=\"69e589f63c580\" data-height=\"20\" data-height-mobile=\"20\" data-height-tab=\"20\" data-height-tab-portrait=\"20\" data-height-mobile-landscape=\"20\" style=\"clear:both;display:block;\"><\/div><\/div><\/div><\/div><\/div><div class=\"g-cols wpb_row  type_default valign_top vc_inner\"><div class=\"vc_col-sm-6 wpb_column vc_column_container\"><div class=\"vc_column-inner\"><div class=\"wpb_wrapper\"><div class=\"wpb_text_column\"><div class=\"wpb_wrapper\"><p><strong>Die Vorteile auf einen Blick: <\/strong><\/p>\n<ul>\n<li>Eine inspirierende Arbeitsatmosph\u00e4re und flache Hierarchien<\/li>\n<li>Innovatives und eigenverantwortliches Arbeiten<\/li>\n<li>Freiraum f\u00fcr pers\u00f6nliches Entfalten<\/li>\n<li>Nachhaltige und werteorientierte Personalpolitik<\/li>\n<li>Gute Karriereperspektiven \u2013 individuelle Entwicklungspfade mit Spezialisierungsm\u00f6glichkeiten<\/li>\n<li>Betreuung von Diplomarbeiten in verschiedenen Fachbereichen<\/li>\n<\/ul>\n<\/div><\/div><div class=\"ult-spacer spacer-69e589f63c6f0\" data-id=\"69e589f63c6f0\" data-height=\"20\" data-height-mobile=\"20\" data-height-tab=\"20\" data-height-tab-portrait=\"20\" data-height-mobile-landscape=\"20\" style=\"clear:both;display:block;\"><\/div><\/div><\/div><\/div><div class=\"vc_col-sm-6 wpb_column vc_column_container\"><div class=\"vc_column-inner\"><div class=\"wpb_wrapper\"><div class=\"wpb_text_column\"><div class=\"wpb_wrapper\"><p><strong>Was unsere Mitarbeiter begeistert:<\/strong><\/p>\n<ul>\n<li>Ein breites Spektrum von T\u00e4tigkeitsfeldern, Eigenverantwortung und Gestaltungsspielraum<\/li>\n<li>Arbeitsfeld und Aufgaben mitgestalten und pr\u00e4gen<\/li>\n<li>Potential zur Entfaltung \u2013 individuelle F\u00f6rderung und Chance zur Spezialisierung<\/li>\n<li>Eigeninitiative, Teamgeist und interdisziplin\u00e4res Arbeiten sowie offene Kommunikation<\/li>\n<li>Mitarbeit und Verantwortung f\u00fcr spannende Projekte, die nachhaltig pr\u00e4gend sind f\u00fcr das Stadtbild der Rhein-Main Region<\/li>\n<\/ul>\n<\/div><\/div><div class=\"ult-spacer spacer-69e589f63c7ac\" data-id=\"69e589f63c7ac\" data-height=\"20\" data-height-mobile=\"20\" data-height-tab=\"20\" data-height-tab-portrait=\"20\" data-height-mobile-landscape=\"20\" style=\"clear:both;display:block;\"><\/div><\/div><\/div><\/div><\/div><\/div><\/div><\/div><div class=\"w-tabs-section\" id=\"1583940096545-0af15ffd-7e33\"><a href=\"#1583940096545-0af15ffd-7e33\" class=\"w-tabs-section-header\"><div class=\"w-tabs-section-header-h\"><h4 class=\"w-tabs-section-title\">WAS BIETEN WIR?<\/h4><div class=\"w-tabs-section-control\"><\/div><\/div><\/a><div class=\"w-tabs-section-content\"><div class=\"w-tabs-section-content-h i-cf\"><div class=\"g-cols wpb_row  type_default valign_top vc_inner\"><div class=\"vc_col-sm-6 wpb_column vc_column_container\"><div class=\"vc_column-inner\"><div class=\"wpb_wrapper\"><div class=\"w-image align_none\"><div class=\"w-image-h\"><img loading=\"lazy\" decoding=\"async\" width=\"460\" height=\"305\" src=\"https:\/\/ingweber.de\/wp-content\/uploads\/2020\/03\/ingweber-unternehmen-team.jpg\" class=\"attachment-full size-full\" alt=\"\" srcset=\"https:\/\/ingweber.de\/wp-content\/uploads\/2020\/03\/ingweber-unternehmen-team.jpg 460w, https:\/\/ingweber.de\/wp-content\/uploads\/2020\/03\/ingweber-unternehmen-team-300x199.jpg 300w\" sizes=\"(max-width: 460px) 100vw, 460px\" \/><\/div><\/div><\/div><\/div><\/div><div class=\"vc_col-sm-6 wpb_column vc_column_container\"><div class=\"vc_column-inner\"><div class=\"wpb_wrapper\"><div class=\"wpb_text_column\"><div class=\"wpb_wrapper\"><p>Neben einem interessanten und abwechslungsreichen T\u00e4tigkeitsfeld achten wir besonders auf individuelle F\u00f6rderung und Entwicklung unserer Mitarbeiter. Das Thema Fortbildung hat deshalb bei uns einen hohen Stellenwert.<\/p>\n<p>Die langfristige Perspektive f\u00fcr alle bei uns t\u00e4tigen Ingenieuren\/Ingenieurinnen ist die Spezialisierung in idealerweise zwei Fachgebieten wie zum Beispiel Tragwerksplanung, Brandschutz, Bauphysik, Schallschutz, W\u00e4rmeschutz.<\/p>\n<p><strong>\u2190 Unser Team &#8211; Lenz Weber Ingenieure GmbH<\/strong><\/p>\n<\/div><\/div><\/div><\/div><\/div><\/div><\/div><\/div><\/div><div class=\"w-tabs-section\" id=\"1583940298381-b4f7f871-608f\"><a href=\"#1583940298381-b4f7f871-608f\" class=\"w-tabs-section-header\"><div class=\"w-tabs-section-header-h\"><h4 class=\"w-tabs-section-title\">SIE HABEN INTERESSE?<\/h4><div class=\"w-tabs-section-control\"><\/div><\/div><\/a><div class=\"w-tabs-section-content\"><div class=\"w-tabs-section-content-h i-cf\"><div class=\"g-cols wpb_row  type_default valign_top vc_inner\"><div class=\"vc_col-sm-12 wpb_column vc_column_container\"><div class=\"vc_column-inner\"><div class=\"wpb_wrapper\"><div class=\"wpb_text_column\"><div class=\"wpb_wrapper\"><p>Ihre vollst\u00e4ndigen Bewerbungsunterlagen mit Anschreiben, aktuellem Lebenslauf, Zeugnisse\/Zertifikaten und optional ein Foto k\u00f6nnen Sie uns per E-Mail <a href=\"mailto:personal@ingweber.de\">personal@ingweber.de<\/a> oder per Post zukommen lassen.<\/p>\n<p><strong>Lenz Ingenieure GmbH <\/strong><br \/>\nH\u00fcgelstra\u00dfe 2<br \/>\n60435 Frankfurt a. Main<\/p>\n<p>Bez\u00fcglich des Datenschutzes Ihrer Daten verweisen wir auf unsere Datenschutzerkl\u00e4rung. Bitte lassen Sie uns mit Ihrer Bewerbung eine Einwillungserkl\u00e4rung zukommen, da\u00df wir Ihre pers\u00f6nlichen Daten im Zusammenhang mit dem Bewerbungsvorgang, zum Zweck der Evaluierung Ihrer Bewerbung und zur Kontaktaufnahme mit Ihnen speichern und verarbeiten d\u00fcrfen. Nach Abschlu\u00df des Bewerbungsverfahrens werden wir die Daten l\u00f6schen, es sei denn Sie willigen ein diese zur Aufnahme in einen Bewerberpool zu speichern. Eine Weitergabe an Dritte erfolgt nicht ohne Ihre ausdr\u00fcckliche Einwilligung. <a href=\"https:\/\/ingweber.de\/datenschutzerklaerung\">Unsere Datenschutzerkl\u00e4rung finden Sie unter Datenschutz<\/a><\/p>\n<\/div><\/div><div class=\"ult-spacer spacer-69e589f63cdea\" data-id=\"69e589f63cdea\" data-height=\"20\" data-height-mobile=\"20\" data-height-tab=\"20\" data-height-tab-portrait=\"20\" data-height-mobile-landscape=\"20\" style=\"clear:both;display:block;\"><\/div><\/div><\/div><\/div><\/div><div class=\"g-cols wpb_row  type_default valign_top vc_inner\"><div class=\"vc_col-sm-3 wpb_column vc_column_container\"><div class=\"vc_column-inner\"><div class=\"wpb_wrapper\"><div class=\"w-image align_none\"><div class=\"w-image-h\"><img loading=\"lazy\" decoding=\"async\" width=\"220\" height=\"386\" src=\"https:\/\/ingweber.de\/wp-content\/uploads\/2020\/03\/ingweber-unternehmen-interesse.jpg\" class=\"attachment-full size-full\" alt=\"\" srcset=\"https:\/\/ingweber.de\/wp-content\/uploads\/2020\/03\/ingweber-unternehmen-interesse.jpg 220w, https:\/\/ingweber.de\/wp-content\/uploads\/2020\/03\/ingweber-unternehmen-interesse-171x300.jpg 171w\" sizes=\"(max-width: 220px) 100vw, 220px\" \/><\/div><\/div><div class=\"ult-spacer spacer-69e589f63d200\" data-id=\"69e589f63d200\" data-height=\"20\" data-height-mobile=\"20\" data-height-tab=\"20\" data-height-tab-portrait=\"20\" data-height-mobile-landscape=\"20\" style=\"clear:both;display:block;\"><\/div><\/div><\/div><\/div><div class=\"vc_col-sm-9 wpb_column vc_column_container\"><div class=\"vc_column-inner\"><div class=\"wpb_wrapper\"><div class=\"wpb_text_column\"><div class=\"wpb_wrapper\"><h3>SIE HABEN OFFENE FRAGEN?<\/h3>\n<p>Falls Sie weitere Informationen zur Lenz Weber Ingenieure und speziell zu unseren Stellenangeboten haben, gehen Sie den direkten Weg, indem Sie sich per E-Mail an Gunilla Weber wenden. Ihre Fragen beantworten wir gerne.<\/p>\n<h3>NICHTS PASSENDES DABEI?<\/h3>\n<p>Wir freuen uns immer \u00fcber aussagekr\u00e4ftige Initiativbewerbungen. Motivierte Berufseinsteiger sowie Ingenieure mit Berufserfahrung, die in einem innovativen, sich entwickelnden Ingenieurb\u00fcro mit viel Engagement und Arbeitsfreude zum weiteren Unternehmenserfolg beitragen wollen, sind bei uns immer gefragt.<\/p>\n<p>Wenn Sie meinen, dass Sie zu uns passen, scheuen Sie sich nicht, uns Ihre Bewerbung zukommen zu lassen.<\/p>\n<\/div><\/div><div class=\"ult-spacer spacer-69e589f63d2e2\" data-id=\"69e589f63d2e2\" data-height=\"20\" data-height-mobile=\"20\" data-height-tab=\"20\" data-height-tab-portrait=\"20\" data-height-mobile-landscape=\"20\" style=\"clear:both;display:block;\"><\/div><\/div><\/div><\/div><\/div><\/div><\/div><\/div><\/div><\/div><\/div><div class=\"g-cols wpb_row  type_default valign_top vc_inner\"><div class=\"vc_col-sm-12 wpb_column vc_column_container\"><div class=\"vc_column-inner\"><div class=\"wpb_wrapper\"><div class=\"ult-spacer spacer-69e589f63d419\" data-id=\"69e589f63d419\" data-height=\"20\" data-height-mobile=\"20\" data-height-tab=\"20\" data-height-tab-portrait=\"20\" data-height-mobile-landscape=\"20\" style=\"clear:both;display:block;\"><\/div><\/div><\/div><\/div><\/div><\/div><\/div><\/div><\/div><\/div><\/section>\n<\/div>","protected":false},"excerpt":{"rendered":"KarriereWir wollen unseren Mitarbeitern einen spannenden, abwechslungsreichen Arbeitsplatz bieten, in dem sie sich eigenverantwortlich entwickeln k\u00f6nnen. Wir sind laufend auf der Suche nach Menschen, die zu uns und unserer Philosophie passen. Abwechslungsreiche Praktika, bei denen die Praktikanten richtig gefordert werden, geben interessierten Einsteigern und uns die M\u00f6glichkeit einer ersten Kontaktaufnahme. Au\u00dferdem haben Diplomanden verschiedener Fachrichtungen...","protected":false},"author":6,"featured_media":0,"parent":0,"menu_order":0,"comment_status":"closed","ping_status":"closed","template":"","meta":{"_acf_changed":false,"footnotes":""},"acf":[],"_links":{"self":[{"href":"https:\/\/ingweber.de\/en\/wp-json\/wp\/v2\/pages\/7836"}],"collection":[{"href":"https:\/\/ingweber.de\/en\/wp-json\/wp\/v2\/pages"}],"about":[{"href":"https:\/\/ingweber.de\/en\/wp-json\/wp\/v2\/types\/page"}],"author":[{"embeddable":true,"href":"https:\/\/ingweber.de\/en\/wp-json\/wp\/v2\/users\/6"}],"replies":[{"embeddable":true,"href":"https:\/\/ingweber.de\/en\/wp-json\/wp\/v2\/comments?post=7836"}],"version-history":[{"count":29,"href":"https:\/\/ingweber.de\/en\/wp-json\/wp\/v2\/pages\/7836\/revisions"}],"predecessor-version":[{"id":8595,"href":"https:\/\/ingweber.de\/en\/wp-json\/wp\/v2\/pages\/7836\/revisions\/8595"}],"wp:attachment":[{"href":"https:\/\/ingweber.de\/en\/wp-json\/wp\/v2\/media?parent=7836"}],"curies":[{"name":"wp","href":"https:\/\/api.w.org\/{rel}","templated":true}]}}