{"id":7822,"date":"2020-03-11T13:42:44","date_gmt":"2020-03-11T12:42:44","guid":{"rendered":"http:\/\/ingweber.de\/?page_id=7822"},"modified":"2020-03-31T14:29:57","modified_gmt":"2020-03-31T12:29:57","slug":"ausstattung","status":"publish","type":"page","link":"https:\/\/ingweber.de\/en\/ausstattung\/","title":{"rendered":"Ausstattung"},"content":{"rendered":"<div class=\"wpb-content-wrapper\"><section class=\"l-section wpb_row height_auto width_full color_alternate with_img\"><div class=\"l-section-img\" style=\"background-image: url(https:\/\/ingweber.de\/wp-content\/uploads\/2020\/03\/lenz-weber-header-ausstattung.jpg);\" data-img-width=\"2300\" data-img-height=\"1060\"><\/div><div class=\"l-section-h i-cf\"><div class=\"g-cols vc_row type_default valign_top\"><div class=\"vc_col-sm-12 wpb_column vc_column_container\"><div class=\"vc_column-inner\"><div class=\"wpb_wrapper\"><div class=\"ult-spacer spacer-69e1900601c3d\" data-id=\"69e1900601c3d\" data-height=\"30\" data-height-mobile=\"100\" data-height-tab=\"200\" data-height-tab-portrait=\"200\" data-height-mobile-landscape=\"100\" style=\"clear:both;display:block;\"><\/div><\/div><\/div><\/div><\/div><\/div><\/section><section class=\"l-section wpb_row us_custom_48927c55 height_custom color_primary\"><div class=\"l-section-h i-cf\"><div class=\"g-cols vc_row type_default valign_middle\"><div class=\"vc_col-sm-12 wpb_column vc_column_container animate_afb\"><div class=\"vc_column-inner\"><div class=\"wpb_wrapper\"><div class=\"g-cols wpb_row  type_default valign_top vc_inner\"><div class=\"vc_col-sm-12 wpb_column vc_column_container\"><div class=\"vc_column-inner\"><div class=\"wpb_wrapper\"><h1 class=\"w-post-elm post_title align_left entry-title\" itemprop=\"headline\">Ausstattung<\/h1><div class=\"wpb_text_column\"><div class=\"wpb_wrapper\"><p>Auf dem neuesten Stand der Technik zu sein, ist f\u00fcr uns selbstverst\u00e4ndlich. So arbeiten wir mit aktuellen Programmen in der Tragwerksplanung, im Bereich Bauphysik, konstruktiver Brandschutz oder auch der Energieberatung. <\/p>\n<\/div><\/div><\/div><\/div><\/div><\/div><\/div><\/div><\/div><\/div><\/div><\/section><section class=\"l-section wpb_row us_custom_54ebd4d1 height_custom\"><div class=\"l-section-h i-cf\"><div class=\"g-cols vc_row type_default valign_top\"><div class=\"vc_col-sm-12 wpb_column vc_column_container\"><div class=\"vc_column-inner\"><div class=\"wpb_wrapper\"><div class=\"g-cols wpb_row  type_default valign_top vc_inner\"><div class=\"vc_col-sm-12 wpb_column vc_column_container\"><div class=\"vc_column-inner\"><div class=\"wpb_wrapper\"><div class=\"wpb_text_column\"><div class=\"wpb_wrapper\"><h2>Programme<\/h2>\n<\/div><\/div><div class=\"ult-spacer spacer-69e19006027bf\" data-id=\"69e19006027bf\" data-height=\"20\" data-height-mobile=\"20\" data-height-tab=\"20\" data-height-tab-portrait=\"20\" data-height-mobile-landscape=\"20\" style=\"clear:both;display:block;\"><\/div><\/div><\/div><\/div><\/div><div class=\"g-cols wpb_row  type_default valign_top vc_inner\"><div class=\"vc_col-sm-6 wpb_column vc_column_container\"><div class=\"vc_column-inner\"><div class=\"wpb_wrapper\"><div class=\"wpb_text_column\"><div class=\"wpb_wrapper\"><p><strong>Tragwerksplanung<\/strong><\/p>\n<p>Aktuelle Programme f\u00fcr die Tragwerksplanung (Finite-Elemente und 3D-Stabwerksprogramme)<\/p>\n<\/div><\/div><div class=\"ult-spacer spacer-69e190060290c\" data-id=\"69e190060290c\" data-height=\"20\" data-height-mobile=\"20\" data-height-tab=\"20\" data-height-tab-portrait=\"20\" data-height-mobile-landscape=\"20\" style=\"clear:both;display:block;\"><\/div><div class=\"wpb_text_column\"><div class=\"wpb_wrapper\"><p><strong>Bauphysik<\/strong><\/p>\n<p>Programme zur ENEV-Berechnung und sommerlichen W\u00e4rmeschutz.<br \/>\nThermisch-hygrisches W\u00e4rme-br\u00fcckenprogramm zur Berechnung von Tauwasser\/Feuchtetransport<\/p>\n<\/div><\/div><div class=\"ult-spacer spacer-69e1900602970\" data-id=\"69e1900602970\" data-height=\"20\" data-height-mobile=\"20\" data-height-tab=\"20\" data-height-tab-portrait=\"20\" data-height-mobile-landscape=\"20\" style=\"clear:both;display:block;\"><\/div><div class=\"wpb_text_column\"><div class=\"wpb_wrapper\"><p><strong>Brandschutz<\/strong><\/p>\n<p>Programm zur Entfluchtungsberechnung CFD-Programm zur Entrauchungs- und Naturbrandberechnung.<\/p>\n<\/div><\/div><div class=\"ult-spacer spacer-69e19006029c6\" data-id=\"69e19006029c6\" data-height=\"20\" data-height-mobile=\"20\" data-height-tab=\"20\" data-height-tab-portrait=\"20\" data-height-mobile-landscape=\"20\" style=\"clear:both;display:block;\"><\/div><\/div><\/div><\/div><div class=\"vc_col-sm-6 wpb_column vc_column_container\"><div class=\"vc_column-inner\"><div class=\"wpb_wrapper\"><div class=\"wpb_text_column\"><div class=\"wpb_wrapper\"><p><strong>Konstruktiver Brandschutz <\/strong><\/p>\n<p>FE-Programm zur Hei\u00dfbemessung von Bauteilen und Tragwerken nach allgemeinem Rechen-verfahren der Eurocodes 1-4<\/p>\n<\/div><\/div><div class=\"ult-spacer spacer-69e1900602a6b\" data-id=\"69e1900602a6b\" data-height=\"20\" data-height-mobile=\"20\" data-height-tab=\"20\" data-height-tab-portrait=\"20\" data-height-mobile-landscape=\"20\" style=\"clear:both;display:block;\"><\/div><div class=\"wpb_text_column\"><div class=\"wpb_wrapper\"><p><strong>Energiesimulation \/ Beratung<\/strong><\/p>\n<p>Internationales Energiesimulations- und 3D W\u00e4rmebr\u00fcckenprogramm. CFD-Programm zur Berechnung von Raumluftstr\u00f6mungen. Programm zur Tageslicht- und Verschattungssimulation. Energiesimulationsprogramm f\u00fcr Simulationen nach LEED\/DGNB<\/p>\n<\/div><\/div><div class=\"ult-spacer spacer-69e1900602ac3\" data-id=\"69e1900602ac3\" data-height=\"20\" data-height-mobile=\"20\" data-height-tab=\"20\" data-height-tab-portrait=\"20\" data-height-mobile-landscape=\"20\" style=\"clear:both;display:block;\"><\/div><div class=\"wpb_text_column\"><div class=\"wpb_wrapper\"><p><strong>Akustik<\/strong><\/p>\n<p>Catt-Acoustic &#8211; Raumakustisches Simulationsprogramm Soundplan &#8211; Programm zur Erstellung von Schallimmissionsprognosen nach TA-L\u00e4rm oder BImschG, sowie AVV-Baul\u00e4rm Programm zur Berechnung von Zwei-\/ Dreischalenkonstruktionen<\/p>\n<\/div><\/div><div class=\"ult-spacer spacer-69e1900602b1e\" data-id=\"69e1900602b1e\" data-height=\"20\" data-height-mobile=\"20\" data-height-tab=\"20\" data-height-tab-portrait=\"20\" data-height-mobile-landscape=\"20\" style=\"clear:both;display:block;\"><\/div><\/div><\/div><\/div><\/div><\/div><\/div><\/div><\/div><\/div><\/section><section class=\"l-section wpb_row us_custom_8756497a height_custom\"><div class=\"l-section-h i-cf\"><div class=\"g-cols vc_row type_default valign_top\"><div class=\"vc_col-sm-12 wpb_column vc_column_container\"><div class=\"vc_column-inner\"><div class=\"wpb_wrapper\"><div class=\"g-cols wpb_row  type_default valign_middle vc_inner\"><div class=\"vc_col-sm-3 wpb_column vc_column_container\"><div class=\"vc_column-inner\"><div class=\"wpb_wrapper\"><div class=\"wpb_text_column\"><div class=\"wpb_wrapper\"><h2>Arbeitspl\u00e4tze<\/h2>\n<\/div><\/div><div class=\"ult-spacer spacer-69e1900602e7b\" data-id=\"69e1900602e7b\" data-height=\"20\" data-height-mobile=\"20\" data-height-tab=\"20\" data-height-tab-portrait=\"20\" data-height-mobile-landscape=\"20\" style=\"clear:both;display:block;\"><\/div><div class=\"wpb_text_column\"><div class=\"wpb_wrapper\"><p><strong>3 CAD Arbeitspl\u00e4tze<\/strong><\/p>\n<p>Autocad LT 2010\/2012<br \/>\nAutocad 2010\/2012<br \/>\nGlaser<\/p>\n<\/div><\/div><div class=\"ult-spacer spacer-69e1900602ee2\" data-id=\"69e1900602ee2\" data-height=\"20\" data-height-mobile=\"20\" data-height-tab=\"20\" data-height-tab-portrait=\"20\" data-height-mobile-landscape=\"20\" style=\"clear:both;display:block;\"><\/div><\/div><\/div><\/div><div class=\"vc_col-sm-6 wpb_column vc_column_container\"><div class=\"vc_column-inner\"><div class=\"wpb_wrapper\"><div class=\"wpb_text_column\"><div class=\"wpb_wrapper\"><p><strong>Messinstrumente<\/strong><\/p>\n<p>Norsonic &#8211; Schallmessger\u00e4te zur Bestimmung von Luft- und Trittschalld\u00e4mmung, Nachhallzeiten und zur Immissionsmessung<br \/>\nBewehrungssuchger\u00e4t zur zerst\u00f6rungsfreien Bestimmung von Betondeckung<br \/>\nMessger\u00e4te und Datenlogger zur Aufzeichnung von Temperatur und Feuchtigkeit<\/p>\n<\/div><\/div><div class=\"ult-spacer spacer-69e1900602fa1\" data-id=\"69e1900602fa1\" data-height=\"20\" data-height-mobile=\"20\" data-height-tab=\"20\" data-height-tab-portrait=\"20\" data-height-mobile-landscape=\"20\" style=\"clear:both;display:block;\"><\/div><\/div><\/div><\/div><div class=\"vc_col-sm-3 wpb_column vc_column_container has-fill\"><div class=\"vc_column-inner us_custom_c3f1d67c \"><div class=\"wpb_wrapper\"><div class=\"w-iconbox iconpos_top style_default color_primary align_center\"><div class=\"w-iconbox-icon\"><i class=\"far fa-exchange-alt\"><\/i><\/div><div class=\"w-iconbox-meta\"><h4 class=\"w-iconbox-title\">Datentransfer<\/h4><div class=\"w-iconbox-text\"><p style=\"text-align: center;\"><a href=\"mailto:info@ingweber.de\">info@ingweber.de<\/a><\/p>\n<\/div><\/div><\/div><\/div><\/div><\/div><\/div><\/div><\/div><\/div><\/div><\/div><\/section>\n<\/div>","protected":false},"excerpt":{"rendered":"AusstattungAuf dem neuesten Stand der Technik zu sein, ist f\u00fcr uns selbstverst\u00e4ndlich. So arbeiten wir mit aktuellen Programmen in der Tragwerksplanung, im Bereich Bauphysik, konstruktiver Brandschutz oder auch der Energieberatung. Programme Tragwerksplanung Aktuelle Programme f\u00fcr die Tragwerksplanung (Finite-Elemente und 3D-Stabwerksprogramme) Bauphysik Programme zur ENEV-Berechnung und sommerlichen W\u00e4rmeschutz. Thermisch-hygrisches W\u00e4rme-br\u00fcckenprogramm zur Berechnung von Tauwasser\/Feuchtetransport Brandschutz Programm...","protected":false},"author":6,"featured_media":0,"parent":0,"menu_order":0,"comment_status":"closed","ping_status":"closed","template":"","meta":{"_acf_changed":false,"footnotes":""},"acf":[],"_links":{"self":[{"href":"https:\/\/ingweber.de\/en\/wp-json\/wp\/v2\/pages\/7822"}],"collection":[{"href":"https:\/\/ingweber.de\/en\/wp-json\/wp\/v2\/pages"}],"about":[{"href":"https:\/\/ingweber.de\/en\/wp-json\/wp\/v2\/types\/page"}],"author":[{"embeddable":true,"href":"https:\/\/ingweber.de\/en\/wp-json\/wp\/v2\/users\/6"}],"replies":[{"embeddable":true,"href":"https:\/\/ingweber.de\/en\/wp-json\/wp\/v2\/comments?post=7822"}],"version-history":[{"count":18,"href":"https:\/\/ingweber.de\/en\/wp-json\/wp\/v2\/pages\/7822\/revisions"}],"predecessor-version":[{"id":8151,"href":"https:\/\/ingweber.de\/en\/wp-json\/wp\/v2\/pages\/7822\/revisions\/8151"}],"wp:attachment":[{"href":"https:\/\/ingweber.de\/en\/wp-json\/wp\/v2\/media?parent=7822"}],"curies":[{"name":"wp","href":"https:\/\/api.w.org\/{rel}","templated":true}]}}