{"id":7818,"date":"2020-03-11T13:35:08","date_gmt":"2020-03-11T12:35:08","guid":{"rendered":"http:\/\/ingweber.de\/?page_id=7818"},"modified":"2020-03-31T14:32:18","modified_gmt":"2020-03-31T12:32:18","slug":"kooperationen","status":"publish","type":"page","link":"https:\/\/ingweber.de\/en\/kooperationen\/","title":{"rendered":"Kooperationen"},"content":{"rendered":"<div class=\"wpb-content-wrapper\"><section class=\"l-section wpb_row height_auto width_full color_alternate with_img\"><div class=\"l-section-img\" style=\"background-image: url(https:\/\/ingweber.de\/wp-content\/uploads\/2020\/03\/lenz-weber-kooperationen.jpg);background-position: top center;\" data-img-width=\"2300\" data-img-height=\"1098\"><\/div><div class=\"l-section-h i-cf\"><div class=\"g-cols vc_row type_default valign_top\"><div class=\"vc_col-sm-12 wpb_column vc_column_container\"><div class=\"vc_column-inner\"><div class=\"wpb_wrapper\"><div class=\"ult-spacer spacer-69e4641e81d67\" data-id=\"69e4641e81d67\" data-height=\"300\" data-height-mobile=\"100\" data-height-tab=\"200\" data-height-tab-portrait=\"200\" data-height-mobile-landscape=\"100\" style=\"clear:both;display:block;\"><\/div><\/div><\/div><\/div><\/div><\/div><\/section><section class=\"l-section wpb_row us_custom_48927c55 height_custom color_primary\"><div class=\"l-section-h i-cf\"><div class=\"g-cols vc_row type_default valign_middle\"><div class=\"vc_col-sm-12 wpb_column vc_column_container animate_afb\"><div class=\"vc_column-inner\"><div class=\"wpb_wrapper\"><div class=\"g-cols wpb_row  type_default valign_top vc_inner\"><div class=\"vc_col-sm-12 wpb_column vc_column_container\"><div class=\"vc_column-inner\"><div class=\"wpb_wrapper\"><h1 class=\"w-post-elm post_title align_left entry-title\" itemprop=\"headline\">Kooperationen<\/h1><\/div><\/div><\/div><\/div><\/div><\/div><\/div><\/div><\/div><\/section><section class=\"l-section wpb_row us_custom_54ebd4d1 height_custom\"><div class=\"l-section-h i-cf\"><div class=\"g-cols vc_row type_default valign_top\"><div class=\"vc_col-sm-12 wpb_column vc_column_container\"><div class=\"vc_column-inner\"><div class=\"wpb_wrapper\"><div class=\"g-cols wpb_row  type_default valign_top vc_inner\"><div class=\"vc_col-sm-6 wpb_column vc_column_container\"><div class=\"vc_column-inner\"><div class=\"wpb_wrapper\"><div class=\"wpb_text_column\"><div class=\"wpb_wrapper\"><p>Synergetisches Netzwerken hat bei uns einen hohen Stellenwert. Durch Kooperationen ist ein Arbeiten auf dem neuesten der Wissenschaft m\u00f6glich. Das bedeutet f\u00fcr uns: Verl\u00e4sslichkeit, Sicherheit, Klarheit und Transparenz.<\/p>\n<p>Unter anderem stellen wir durch die Kooperation mit verschiedenen Universit\u00e4ten sicher, immer auf dem neuesten Stand der Wissenschaft zu sein. So haben wir beispielsweise direkten Kontakt zu allen Entwicklungen auf dem Gebiet der Energieforschung.<\/p>\n<p>Au\u00dferdem haben wir es uns zur Aufgabe gemacht, selbstst\u00e4ndiges und verantwortungsbewusstes, aber auch kritisches Handeln unserer Mitarbeiter zu f\u00f6rdern. Einige unserer Mitarbeiter haben sich im Laufe der Zeit mit eigenen B\u00fcros selbst\u00e4ndig gemacht, die unser Portfolio optimal erg\u00e4nzen. Durch diese enge und wertsch\u00e4tzende Zusammenarbeit ist damit auch jederzeit eine Erh\u00f6hung der Manpower m\u00f6glich.<\/p>\n<p>Nur Expertenwissen garantiert einen klaren und erfolgsorientierten Ablauf des Bauvorhabens!<\/p>\n<\/div><\/div><\/div><\/div><\/div><div class=\"vc_col-sm-6 wpb_column vc_column_container\"><div class=\"vc_column-inner\"><div class=\"wpb_wrapper\"><div class=\"wpb_text_column\"><div class=\"wpb_wrapper\"><h2>Betreuung von Diplomanden<\/h2>\n<p>Seit vielen Jahren betreuen wir in Zusammenarbeit mit Hochschulen &#8211; \u00fcberwiegend aus dem Rhein-Main Gebiet aber auch bundesweit &#8211; Diplomarbeiten. In enger Absprache mit den Hochschulen bieten wir unseren Diplomanden praxisnahe und forschungsorientierte Themen an.<\/p>\n<p>Durch die Betreuung der Diplomarbeiten erhalten wir eine andere Perspektive auf unsere t\u00e4gliche Arbeit und gewinnen n\u00fctzliche Einblicke in die neuesten Erkenntnisse der universit\u00e4ren Forschung. Viele unserer ehemaligen Diplomanden sind unsere heutigen Mitarbeiter.<\/p>\n<\/div><\/div><\/div><\/div><\/div><\/div><\/div><\/div><\/div><\/div><\/div><\/section><section class=\"l-section wpb_row us_custom_8756497a height_custom\"><div class=\"l-section-h i-cf\"><div class=\"g-cols vc_row type_default valign_top\"><div class=\"vc_col-sm-12 wpb_column vc_column_container\"><div class=\"vc_column-inner\"><div class=\"wpb_wrapper\"><div class=\"g-cols wpb_row  type_default valign_top vc_inner\"><div class=\"vc_col-sm-12 wpb_column vc_column_container\"><div class=\"vc_column-inner\"><div class=\"wpb_wrapper\"><div class=\"wpb_text_column\"><div class=\"wpb_wrapper\"><h2>Kooperationspartner<\/h2>\n<\/div><\/div><div class=\"ult-spacer spacer-69e4641e8293e\" data-id=\"69e4641e8293e\" data-height=\"20\" data-height-mobile=\"20\" data-height-tab=\"20\" data-height-tab-portrait=\"20\" data-height-mobile-landscape=\"20\" style=\"clear:both;display:block;\"><\/div><\/div><\/div><\/div><\/div><div class=\"g-cols wpb_row  type_default valign_top vc_inner\"><div class=\"vc_col-sm-4 wpb_column vc_column_container\"><div class=\"vc_column-inner\"><div class=\"wpb_wrapper\"><div class=\"wpb_text_column\"><div class=\"wpb_wrapper\"><ul>\n<li>Mehlhorn und Vier Ingenieurgesellschaft KTH Stockholm<\/li>\n<li>Technisches Zeichenb\u00fcro Zehentner<\/li>\n<li>Weber-Mehlhorn-Vier Ingenieure (WMV)<\/li>\n<li>Fachhochschule Frankfurt<\/li>\n<li>Hochschule Darmstadt (FH)<\/li>\n<\/ul>\n<\/div><\/div><div class=\"ult-spacer spacer-69e4641e82a45\" data-id=\"69e4641e82a45\" data-height=\"20\" data-height-mobile=\"20\" data-height-tab=\"20\" data-height-tab-portrait=\"20\" data-height-mobile-landscape=\"20\" style=\"clear:both;display:block;\"><\/div><\/div><\/div><\/div><div class=\"vc_col-sm-4 wpb_column vc_column_container\"><div class=\"vc_column-inner\"><div class=\"wpb_wrapper\"><div class=\"wpb_text_column\"><div class=\"wpb_wrapper\"><ul>\n<li>GGB GmbH<\/li>\n<li>Ingenieurb\u00fcro Loos<\/li>\n<li>BBS Ingenieurb\u00fcro<\/li>\n<li>Ingenieurb\u00fcro Loch-Oberhoffner<\/li>\n<li>Ingenieurb\u00fcro Trinius GmbH<\/li>\n<\/ul>\n<\/div><\/div><div class=\"ult-spacer spacer-69e4641e82afd\" data-id=\"69e4641e82afd\" data-height=\"20\" data-height-mobile=\"20\" data-height-tab=\"20\" data-height-tab-portrait=\"20\" data-height-mobile-landscape=\"20\" style=\"clear:both;display:block;\"><\/div><\/div><\/div><\/div><div class=\"vc_col-sm-4 wpb_column vc_column_container\"><div class=\"vc_column-inner\"><div class=\"wpb_wrapper\"><\/div><\/div><\/div><\/div><\/div><\/div><\/div><\/div><\/div><\/section>\n<\/div>","protected":false},"excerpt":{"rendered":"KooperationenSynergetisches Netzwerken hat bei uns einen hohen Stellenwert. Durch Kooperationen ist ein Arbeiten auf dem neuesten der Wissenschaft m\u00f6glich. Das bedeutet f\u00fcr uns: Verl\u00e4sslichkeit, Sicherheit, Klarheit und Transparenz. Unter anderem stellen wir durch die Kooperation mit verschiedenen Universit\u00e4ten sicher, immer auf dem neuesten Stand der Wissenschaft zu sein. So haben wir beispielsweise direkten Kontakt zu...","protected":false},"author":6,"featured_media":0,"parent":0,"menu_order":0,"comment_status":"closed","ping_status":"closed","template":"","meta":{"_acf_changed":false,"footnotes":""},"acf":[],"_links":{"self":[{"href":"https:\/\/ingweber.de\/en\/wp-json\/wp\/v2\/pages\/7818"}],"collection":[{"href":"https:\/\/ingweber.de\/en\/wp-json\/wp\/v2\/pages"}],"about":[{"href":"https:\/\/ingweber.de\/en\/wp-json\/wp\/v2\/types\/page"}],"author":[{"embeddable":true,"href":"https:\/\/ingweber.de\/en\/wp-json\/wp\/v2\/users\/6"}],"replies":[{"embeddable":true,"href":"https:\/\/ingweber.de\/en\/wp-json\/wp\/v2\/comments?post=7818"}],"version-history":[{"count":7,"href":"https:\/\/ingweber.de\/en\/wp-json\/wp\/v2\/pages\/7818\/revisions"}],"predecessor-version":[{"id":8156,"href":"https:\/\/ingweber.de\/en\/wp-json\/wp\/v2\/pages\/7818\/revisions\/8156"}],"wp:attachment":[{"href":"https:\/\/ingweber.de\/en\/wp-json\/wp\/v2\/media?parent=7818"}],"curies":[{"name":"wp","href":"https:\/\/api.w.org\/{rel}","templated":true}]}}