{"id":7812,"date":"2020-03-11T13:20:37","date_gmt":"2020-03-11T12:20:37","guid":{"rendered":"http:\/\/ingweber.de\/?page_id=7812"},"modified":"2022-08-08T15:18:22","modified_gmt":"2022-08-08T13:18:22","slug":"team-kapazitaeten","status":"publish","type":"page","link":"https:\/\/ingweber.de\/en\/team-kapazitaeten\/","title":{"rendered":"Team &#038; Kapazit\u00e4ten"},"content":{"rendered":"<div class=\"wpb-content-wrapper\"><section class=\"l-section wpb_row height_auto width_full color_alternate with_img\"><div class=\"l-section-img\" style=\"background-image: url(https:\/\/ingweber.de\/wp-content\/uploads\/2020\/03\/lenz-weber-header-team.jpg);background-position: top center;\" data-img-width=\"2300\" data-img-height=\"1060\"><\/div><div class=\"l-section-h i-cf\"><div class=\"g-cols vc_row type_default valign_top\"><div class=\"vc_col-sm-12 wpb_column vc_column_container\"><div class=\"vc_column-inner\"><div class=\"wpb_wrapper\"><div class=\"ult-spacer spacer-69e5747023731\" data-id=\"69e5747023731\" data-height=\"300\" data-height-mobile=\"100\" data-height-tab=\"200\" data-height-tab-portrait=\"200\" data-height-mobile-landscape=\"100\" style=\"clear:both;display:block;\"><\/div><\/div><\/div><\/div><\/div><\/div><\/section><section class=\"l-section wpb_row us_custom_48927c55 height_custom color_primary\"><div class=\"l-section-h i-cf\"><div class=\"g-cols vc_row type_default valign_middle\"><div class=\"vc_col-sm-12 wpb_column vc_column_container animate_afb\"><div class=\"vc_column-inner\"><div class=\"wpb_wrapper\"><div class=\"g-cols wpb_row  type_default valign_top vc_inner\"><div class=\"vc_col-sm-12 wpb_column vc_column_container\"><div class=\"vc_column-inner\"><div class=\"wpb_wrapper\"><h1 class=\"w-post-elm post_title align_left entry-title\" itemprop=\"headline\">Team &#038; Kapazit\u00e4ten<\/h1><\/div><\/div><\/div><\/div><\/div><\/div><\/div><\/div><\/div><\/section><section class=\"l-section wpb_row us_custom_54ebd4d1 height_custom\"><div class=\"l-section-h i-cf\"><div class=\"g-cols vc_row type_default valign_top\"><div class=\"vc_col-sm-12 wpb_column vc_column_container\"><div class=\"vc_column-inner\"><div class=\"wpb_wrapper\"><div class=\"g-cols wpb_row  type_default valign_top vc_inner\"><div class=\"vc_col-sm-4 wpb_column vc_column_container\"><div class=\"vc_column-inner\"><div class=\"wpb_wrapper\"><div class=\"wpb_text_column\"><div class=\"wpb_wrapper\"><h2>Mitarbeiter<\/h2>\n<p>Je nach Anforderungen stellen wir das passende Spezialistenteam zusammen.<\/p>\n<ul>\n<li>18 Diplomingenieure<\/li>\n<li>2 Konstrukteure<\/li>\n<li>3 Kaufm\u00e4nnische Mitarbeiter<\/li>\n<li>1<\/li>\n<li>Architekt<\/li>\n<\/ul>\n<\/div><\/div><\/div><\/div><\/div><div class=\"vc_col-sm-4 wpb_column vc_column_container\"><div class=\"vc_column-inner\"><div class=\"wpb_wrapper\"><div class=\"wpb_text_column\"><div class=\"wpb_wrapper\"><h2>Thermische Bauphysik<\/h2>\n<p>1 Nachweisberechtigter f\u00fcr W\u00e4rmeschutz nach HBO, 1 Sachverst\u00e4ndiger f\u00fcr Bauphysik und Bausch\u00e4den, 3 Vor-Ort- Energieberater, 3 Fachplaner f\u00fcr Energieeffizienz, 3 Passivhausplaner, 1 LEED Green Associate<\/p>\n<\/div><\/div><div class=\"ult-spacer spacer-69e5747023d73\" data-id=\"69e5747023d73\" data-height=\"20\" data-height-mobile=\"20\" data-height-tab=\"20\" data-height-tab-portrait=\"20\" data-height-mobile-landscape=\"20\" style=\"clear:both;display:block;\"><\/div><div class=\"wpb_text_column\"><div class=\"wpb_wrapper\"><h2>Schallschutz und Akustik<\/h2>\n<p>1 Nachweisberechtigter f\u00fcr Schallschutz nach HBO, 1 Master of Acoustic, 1 Sachverst\u00e4ndiger f\u00fcr Schallschutz und Akustik<\/p>\n<\/div><\/div><div class=\"ult-spacer spacer-69e5747023dbb\" data-id=\"69e5747023dbb\" data-height=\"20\" data-height-mobile=\"20\" data-height-tab=\"20\" data-height-tab-portrait=\"20\" data-height-mobile-landscape=\"20\" style=\"clear:both;display:block;\"><\/div><\/div><\/div><\/div><div class=\"vc_col-sm-4 wpb_column vc_column_container\"><div class=\"vc_column-inner\"><div class=\"wpb_wrapper\"><div class=\"wpb_text_column\"><div class=\"wpb_wrapper\"><h2>Tragwerksplanung<\/h2>\n<p>1 Nachweisberechtigter Standsicherheit nach HBO, 14 Diplomingenieure, 1 Techniker , 1 Architektin, 1 Tragwerksplaner in der Denkmalpflege<\/p>\n<\/div><\/div><div class=\"ult-spacer spacer-69e5747023e23\" data-id=\"69e5747023e23\" data-height=\"20\" data-height-mobile=\"20\" data-height-tab=\"20\" data-height-tab-portrait=\"20\" data-height-mobile-landscape=\"20\" style=\"clear:both;display:block;\"><\/div><div class=\"wpb_text_column\"><div class=\"wpb_wrapper\"><h2>Brandschutz<\/h2>\n<p>1 Nachweisberechtigter f\u00fcr vorbeugenden Brandschutz nach HBO, 2 Sachverst\u00e4ndige f\u00fcr Brandschutz (EIPOS) , 4 Fachplaner Brandschutz (IngKH), 1 Sachkundige Brandschutz<\/p>\n<\/div><\/div><div class=\"ult-spacer spacer-69e5747023e61\" data-id=\"69e5747023e61\" data-height=\"20\" data-height-mobile=\"20\" data-height-tab=\"20\" data-height-tab-portrait=\"20\" data-height-mobile-landscape=\"20\" style=\"clear:both;display:block;\"><\/div><\/div><\/div><\/div><\/div><\/div><\/div><\/div><\/div><\/div><\/section><section class=\"l-section wpb_row us_custom_0d15be52 height_custom\"><div class=\"l-section-h i-cf\"><div class=\"g-cols vc_row type_default valign_top\"><div class=\"vc_col-sm-4 wpb_column vc_column_container\"><div class=\"vc_column-inner\"><div class=\"wpb_wrapper\"><div class=\"g-cols wpb_row  type_default valign_top vc_inner\"><div class=\"vc_col-sm-12 wpb_column vc_column_container\"><div class=\"vc_column-inner\"><div class=\"wpb_wrapper\"><div class=\"wpb_text_column\"><div class=\"wpb_wrapper\"><h2>Sprachen<\/h2>\n<p>Englisch, Franz\u00f6sisch, Italienisch, Spanisch, Schwedisch, Russisch, Serbokroatisch, Polnisch, Tschechisch, Arabisch, T\u00fcrkisch, Griechisch, Litauisch, Vietnamesisch<\/p>\n<h2>Nachweisberechtigungen<\/h2>\n<p>Nachweisberechtigt in Hessen f\u00fcr Tragwerksplanung, W\u00e4rmeschutz Schallschutz und Vorbeugenden Brandschutz<\/p>\n<\/div><\/div><\/div><\/div><\/div><\/div><\/div><\/div><\/div><div class=\"vc_col-sm-8 wpb_column vc_column_container\"><div class=\"vc_column-inner\"><div class=\"wpb_wrapper\"><div class=\"g-cols wpb_row  type_default valign_top vc_inner\"><div class=\"vc_col-sm-12 wpb_column vc_column_container\"><div class=\"vc_column-inner\"><div class=\"wpb_wrapper\"><div class=\"wpb_text_column\"><div class=\"wpb_wrapper\"><h2>Leitende Ingenieure<\/h2>\n<\/div><\/div><div class=\"ult-spacer spacer-69e5747024087\" data-id=\"69e5747024087\" data-height=\"20\" data-height-mobile=\"20\" data-height-tab=\"20\" data-height-tab-portrait=\"20\" data-height-mobile-landscape=\"20\" style=\"clear:both;display:block;\"><\/div><\/div><\/div><\/div><\/div><div class=\"g-cols wpb_row  type_default valign_top vc_inner\"><div class=\"vc_col-sm-6 wpb_column vc_column_container\"><div class=\"vc_column-inner\"><div class=\"wpb_wrapper\"><div class=\"wpb_text_column\"><div class=\"wpb_wrapper\"><h3>DIPL. ING. STAAB<\/h3>\n<ul>\n<li>25 Jahre Berufserfahrung<\/li>\n<li>Tragwerksplanung<\/li>\n<li>Vorbeugender Brandschutz (Fachplaner Brandschutz)<\/li>\n<\/ul>\n<\/div><\/div><div class=\"ult-spacer spacer-69e5747024121\" data-id=\"69e5747024121\" data-height=\"20\" data-height-mobile=\"20\" data-height-tab=\"20\" data-height-tab-portrait=\"20\" data-height-mobile-landscape=\"20\" style=\"clear:both;display:block;\"><\/div><\/div><\/div><\/div><div class=\"vc_col-sm-6 wpb_column vc_column_container\"><div class=\"vc_column-inner\"><div class=\"wpb_wrapper\"><div class=\"wpb_text_column\"><div class=\"wpb_wrapper\"><h3>DIPL. ING. RECK<\/h3>\n<ul>\n<li>21 Jahre Berufserfahrung<\/li>\n<li>Tragwerksplanung<\/li>\n<li>Energieberatung, Bauphysik (Vor-Ort-Energieberater)<\/li>\n<\/ul>\n<\/div><\/div><div class=\"ult-spacer spacer-69e574702418f\" data-id=\"69e574702418f\" data-height=\"20\" data-height-mobile=\"20\" data-height-tab=\"20\" data-height-tab-portrait=\"20\" data-height-mobile-landscape=\"20\" style=\"clear:both;display:block;\"><\/div><\/div><\/div><\/div><\/div><div class=\"g-cols wpb_row  type_default valign_top vc_inner\"><div class=\"vc_col-sm-6 wpb_column vc_column_container\"><div class=\"vc_column-inner\"><div class=\"wpb_wrapper\"><div class=\"wpb_text_column\"><div class=\"wpb_wrapper\"><h3>DIPL. ING. TROTT<\/h3>\n<ul>\n<li>36 Jahre Berufserfahrung<\/li>\n<li>Tragwerksplanung<\/li>\n<li>Sicherheits- und Gesundheitskoordinator (SiGe Koordinator)<\/li>\n<\/ul>\n<\/div><\/div><div class=\"ult-spacer spacer-69e5747024228\" data-id=\"69e5747024228\" data-height=\"20\" data-height-mobile=\"20\" data-height-tab=\"20\" data-height-tab-portrait=\"20\" data-height-mobile-landscape=\"20\" style=\"clear:both;display:block;\"><\/div><\/div><\/div><\/div><div class=\"vc_col-sm-6 wpb_column vc_column_container\"><div class=\"vc_column-inner\"><div class=\"wpb_wrapper\"><\/div><\/div><\/div><\/div><\/div><\/div><\/div><\/div><\/div><\/section>\n<\/div>","protected":false},"excerpt":{"rendered":"Team &#038; Kapazit\u00e4ten Mitarbeiter Je nach Anforderungen stellen wir das passende Spezialistenteam zusammen. 18 Diplomingenieure 2 Konstrukteure 3 Kaufm\u00e4nnische Mitarbeiter 1 Architekt Thermische Bauphysik 1 Nachweisberechtigter f\u00fcr W\u00e4rmeschutz nach HBO, 1 Sachverst\u00e4ndiger f\u00fcr Bauphysik und Bausch\u00e4den, 3 Vor-Ort- Energieberater, 3 Fachplaner f\u00fcr Energieeffizienz, 3 Passivhausplaner, 1 LEED Green Associate Schallschutz und Akustik 1 Nachweisberechtigter f\u00fcr...","protected":false},"author":6,"featured_media":0,"parent":0,"menu_order":0,"comment_status":"closed","ping_status":"closed","template":"","meta":{"_acf_changed":false,"footnotes":""},"acf":[],"_links":{"self":[{"href":"https:\/\/ingweber.de\/en\/wp-json\/wp\/v2\/pages\/7812"}],"collection":[{"href":"https:\/\/ingweber.de\/en\/wp-json\/wp\/v2\/pages"}],"about":[{"href":"https:\/\/ingweber.de\/en\/wp-json\/wp\/v2\/types\/page"}],"author":[{"embeddable":true,"href":"https:\/\/ingweber.de\/en\/wp-json\/wp\/v2\/users\/6"}],"replies":[{"embeddable":true,"href":"https:\/\/ingweber.de\/en\/wp-json\/wp\/v2\/comments?post=7812"}],"version-history":[{"count":12,"href":"https:\/\/ingweber.de\/en\/wp-json\/wp\/v2\/pages\/7812\/revisions"}],"predecessor-version":[{"id":8292,"href":"https:\/\/ingweber.de\/en\/wp-json\/wp\/v2\/pages\/7812\/revisions\/8292"}],"wp:attachment":[{"href":"https:\/\/ingweber.de\/en\/wp-json\/wp\/v2\/media?parent=7812"}],"curies":[{"name":"wp","href":"https:\/\/api.w.org\/{rel}","templated":true}]}}